{"id":350,"date":"2023-09-04T09:45:49","date_gmt":"2023-09-04T09:45:49","guid":{"rendered":"https:\/\/immigrationservice-canada.com\/?page_id=350"},"modified":"2023-09-05T13:19:01","modified_gmt":"2023-09-05T13:19:01","slug":"visa-sponsorship-familiale","status":"publish","type":"page","link":"https:\/\/serviceimmigrationtaxcanada.ca\/index.php\/visa-sponsorship-familiale\/","title":{"rendered":"Visa Sponsorship Family"},"content":{"rendered":"\t\t<div data-elementor-type=\"wp-page\" data-elementor-id=\"350\" class=\"elementor elementor-350\">\n\t\t\t\t\t\t\t<div class=\"elementor-element elementor-element-1a14675 e-flex e-con-boxed e-con\" data-id=\"1a14675\" data-element_type=\"container\" data-settings=\"{&quot;content_width&quot;:&quot;boxed&quot;}\">\n\t\t\t\t\t<div class=\"e-con-inner\">\n\t\t\t\t<div class=\"elementor-element elementor-element-be5beca elementor-widget elementor-widget-image\" data-id=\"be5beca\" data-element_type=\"widget\" data-widget_type=\"image.default\">\n\t\t\t\t<div class=\"elementor-widget-container\">\n\t\t\t<style>\/*! elementor - v3.15.0 - 20-08-2023 *\/\n.elementor-widget-image{text-align:center}.elementor-widget-image a{display:inline-block}.elementor-widget-image a img[src$=\".svg\"]{width:48px}.elementor-widget-image img{vertical-align:middle;display:inline-block}<\/style>\t\t\t\t\t\t\t\t\t\t\t\t<img loading=\"lazy\" decoding=\"async\" width=\"720\" height=\"476\" src=\"https:\/\/serviceimmigrationtaxcanada.ca\/wp-content\/uploads\/2023\/09\/WhatsApp-Image-2023-09-03-a-23.00.09.jpg\" class=\"attachment-large size-large wp-image-373\" alt=\"\" srcset=\"https:\/\/serviceimmigrationtaxcanada.ca\/wp-content\/uploads\/2023\/09\/WhatsApp-Image-2023-09-03-a-23.00.09.jpg 720w, https:\/\/serviceimmigrationtaxcanada.ca\/wp-content\/uploads\/2023\/09\/WhatsApp-Image-2023-09-03-a-23.00.09-300x198.jpg 300w, https:\/\/serviceimmigrationtaxcanada.ca\/wp-content\/uploads\/2023\/09\/WhatsApp-Image-2023-09-03-a-23.00.09-600x397.jpg 600w\" sizes=\"auto, (max-width: 720px) 100vw, 720px\" \/>\t\t\t\t\t\t\t\t\t\t\t\t\t\t\t<\/div>\n\t\t\t\t<\/div>\n\t\t\t\t\t<\/div>\n\t\t\t\t<\/div>\n\t\t<div class=\"elementor-element elementor-element-eed70cb e-flex e-con-boxed e-con\" data-id=\"eed70cb\" data-element_type=\"container\" data-settings=\"{&quot;content_width&quot;:&quot;boxed&quot;}\">\n\t\t\t\t\t<div class=\"e-con-inner\">\n\t\t\t\t<div class=\"elementor-element elementor-element-88d65f2 elementor-widget elementor-widget-text-editor\" data-id=\"88d65f2\" data-element_type=\"widget\" data-widget_type=\"text-editor.default\">\n\t\t\t\t<div class=\"elementor-widget-container\">\n\t\t\t<style>\/*! elementor - v3.15.0 - 20-08-2023 *\/\n.elementor-widget-text-editor.elementor-drop-cap-view-stacked .elementor-drop-cap{background-color:#69727d;color:#fff}.elementor-widget-text-editor.elementor-drop-cap-view-framed .elementor-drop-cap{color:#69727d;border:3px solid;background-color:transparent}.elementor-widget-text-editor:not(.elementor-drop-cap-view-default) .elementor-drop-cap{margin-top:8px}.elementor-widget-text-editor:not(.elementor-drop-cap-view-default) .elementor-drop-cap-letter{width:1em;height:1em}.elementor-widget-text-editor .elementor-drop-cap{float:left;text-align:center;line-height:1;font-size:50px}.elementor-widget-text-editor .elementor-drop-cap-letter{display:inline-block}<\/style>\t\t\t\t<p>Parrainage de la cat\u00e9gorie familiale<br \/>Un citoyen canadien ou un r\u00e9sident permanent du Canada peut parrainer son \u00e9poux, son partenaire conjugal ou de fait, son enfant \u00e0 charge (y compris un enfant adopt\u00e9) ou tout autre parent admissible pour qu&rsquo;il devienne un r\u00e9sident permanent dans la cat\u00e9gorie du regroupement familial. Les conjoints ou partenaires parrain\u00e9s doivent vivre ensemble dans une relation l\u00e9gitime pendant deux ans \u00e0 compter du jour o\u00f9 ils obtiennent le statut de r\u00e9sident permanent.<\/p><p>Les candidats sous parrainage familial ne sont pas tenus de satisfaire au syst\u00e8me de points ou aux crit\u00e8res de s\u00e9lection discr\u00e9tionnaires utilis\u00e9s dans les autres cat\u00e9gories de candidatures. Il existe deux processus diff\u00e9rents pour parrainer votre famille dans la cat\u00e9gorie du regroupement familial. Un seul processus est utilis\u00e9 pour parrainer votre \u00e9poux, votre conjoint ou votre conjoint de fait et\/ou vos enfants \u00e0 charge. Il existe une autre application utilis\u00e9e pour parrainer d\u2019autres membres de la famille \u00e9ligibles.<\/p><p>\u00c9ligible au parrainage<\/p><p>Si vous \u00eates citoyen canadien ou r\u00e9sident permanent du Canada, vous pouvez parrainer votre conjoint, enfant \u00e0 charge, conjoint de fait, parents, grands-parents ou autre parent admissible pour qu&rsquo;il devienne un r\u00e9sident permanent.<\/p><p>Ces membres de la cat\u00e9gorie du regroupement familial peuvent \u00eatre parrain\u00e9s<\/p><p>\u00c9poux, conjoints de fait ou partenaires conjugaux \u00e2g\u00e9s de 18 ans ou plus ; parents et grands-parents ;<br \/>Enfants \u00e0 charge, y compris les enfants adopt\u00e9s ;C<br \/>Les enfants de moins de 18 ans que vous envisagez d\u2019adopter ;<br \/>Enfants sous tutelle ;<br \/>Ou des fr\u00e8res, s\u0153urs, neveux, ni\u00e8ces ou petits-enfants orphelins, \u00e2g\u00e9s de moins de 18 ans et non mari\u00e9s ou vivant en union de fait.<br \/>Pour parrainer votre famille dans la cat\u00e9gorie du regroupement familial, il existe deux processus diff\u00e9rents. L\u2019un est utilis\u00e9 pour parrainer l\u2019\u00e9poux, le conjoint de fait ou les enfants \u00e0 charge et l\u2019autre est utilis\u00e9 pour parrainer d\u2019autres membres de la famille admissibles.<\/p><p>Si vous avez des questions concernant l&rsquo;immigration par parrainage, n&rsquo;h\u00e9sitez pas \u00e0 nous contacter.<\/p><p>Une fois qu&rsquo;une demande de la cat\u00e9gorie du regroupement familial a \u00e9t\u00e9 accept\u00e9e et qu&rsquo;un membre de la famille devient r\u00e9sident permanent du Canada, il peut perdre son statut si cette personne ne respecte pas les obligations de r\u00e9sidence permanente. Lorsqu&rsquo;un r\u00e9sident permanent ne respecte pas ses obligations de r\u00e9sidence, une mesure de d\u00e9part peut \u00eatre \u00e9mise. Une mesure de d\u00e9part oblige cette personne \u00e0 quitter le Canada. \u00c0 ce titre, nous pouvons vous aider avec votre demande dans la cat\u00e9gorie du regroupement familial et vous aider \u00e0 conna\u00eetre les obligations requises en mati\u00e8re de r\u00e9sidence permanente.<\/p>\t\t\t\t\t\t<\/div>\n\t\t\t\t<\/div>\n\t\t\t\t\t<\/div>\n\t\t\t\t<\/div>\n\t\t\t\t\t\t\t<\/div>\n\t\t","protected":false},"excerpt":{"rendered":"<p>Parrainage de la cat\u00e9gorie familialeUn citoyen canadien ou un r\u00e9sident permanent du Canada peut parrainer son \u00e9poux, son partenaire conjugal ou de fait, son enfant \u00e0 charge (y compris un enfant adopt\u00e9) ou tout autre parent admissible pour qu&rsquo;il devienne un r\u00e9sident permanent dans la cat\u00e9gorie du regroupement familial. Les conjoints ou partenaires parrain\u00e9s doivent [&hellip;]<\/p>\n","protected":false},"author":1,"featured_media":0,"parent":0,"menu_order":0,"comment_status":"closed","ping_status":"closed","template":"","meta":{"footnotes":""},"class_list":["post-350","page","type-page","status-publish","hentry"],"yoast_head":"<!-- This site is optimized with the Yoast SEO plugin v21.0 - https:\/\/yoast.com\/wordpress\/plugins\/seo\/ -->\n<title>Visa Sponsorship Family - SERVICE IMMIGRATION CANADA<\/title>\n<meta name=\"robots\" content=\"index, follow, max-snippet:-1, max-image-preview:large, max-video-preview:-1\" \/>\n<link rel=\"canonical\" href=\"https:\/\/serviceimmigrationtaxcanada.ca\/index.php\/visa-sponsorship-familiale\/\" \/>\n<meta property=\"og:locale\" content=\"fr_FR\" \/>\n<meta property=\"og:type\" content=\"article\" \/>\n<meta property=\"og:title\" content=\"Visa Sponsorship Family - SERVICE IMMIGRATION CANADA\" \/>\n<meta property=\"og:description\" content=\"Parrainage de la cat\u00e9gorie familialeUn citoyen canadien ou un r\u00e9sident permanent du Canada peut parrainer son \u00e9poux, son partenaire conjugal ou de fait, son enfant \u00e0 charge (y compris un enfant adopt\u00e9) ou tout autre parent admissible pour qu&rsquo;il devienne un r\u00e9sident permanent dans la cat\u00e9gorie du regroupement familial. Les conjoints ou partenaires parrain\u00e9s doivent [&hellip;]\" \/>\n<meta property=\"og:url\" content=\"https:\/\/serviceimmigrationtaxcanada.ca\/index.php\/visa-sponsorship-familiale\/\" \/>\n<meta property=\"og:site_name\" content=\"SERVICE IMMIGRATION CANADA\" \/>\n<meta property=\"article:modified_time\" content=\"2023-09-05T13:19:01+00:00\" \/>\n<meta property=\"og:image\" content=\"https:\/\/immigrationservice-canada.com\/wp-content\/uploads\/2023\/09\/WhatsApp-Image-2023-09-03-a-23.00.09.jpg\" \/>\n<meta name=\"twitter:card\" content=\"summary_large_image\" \/>\n<meta name=\"twitter:label1\" content=\"Dur\u00e9e de lecture estim\u00e9e\" \/>\n\t<meta name=\"twitter:data1\" content=\"3 minutes\" \/>\n<script type=\"application\/ld+json\" class=\"yoast-schema-graph\">{\"@context\":\"https:\/\/schema.org\",\"@graph\":[{\"@type\":\"WebPage\",\"@id\":\"https:\/\/serviceimmigrationtaxcanada.ca\/index.php\/visa-sponsorship-familiale\/\",\"url\":\"https:\/\/serviceimmigrationtaxcanada.ca\/index.php\/visa-sponsorship-familiale\/\",\"name\":\"Visa Sponsorship Family - SERVICE IMMIGRATION CANADA\",\"isPartOf\":{\"@id\":\"https:\/\/serviceimmigrationtaxcanada.ca\/#website\"},\"datePublished\":\"2023-09-04T09:45:49+00:00\",\"dateModified\":\"2023-09-05T13:19:01+00:00\",\"breadcrumb\":{\"@id\":\"https:\/\/serviceimmigrationtaxcanada.ca\/index.php\/visa-sponsorship-familiale\/#breadcrumb\"},\"inLanguage\":\"fr-FR\",\"potentialAction\":[{\"@type\":\"ReadAction\",\"target\":[\"https:\/\/serviceimmigrationtaxcanada.ca\/index.php\/visa-sponsorship-familiale\/\"]}]},{\"@type\":\"BreadcrumbList\",\"@id\":\"https:\/\/serviceimmigrationtaxcanada.ca\/index.php\/visa-sponsorship-familiale\/#breadcrumb\",\"itemListElement\":[{\"@type\":\"ListItem\",\"position\":1,\"name\":\"Accueil\",\"item\":\"https:\/\/serviceimmigrationtaxcanada.ca\/\"},{\"@type\":\"ListItem\",\"position\":2,\"name\":\"Visa Sponsorship Family\"}]},{\"@type\":\"WebSite\",\"@id\":\"https:\/\/serviceimmigrationtaxcanada.ca\/#website\",\"url\":\"https:\/\/serviceimmigrationtaxcanada.ca\/\",\"name\":\"SERVICE IMMIGRATION CANADA\",\"description\":\"Bienvenue Sur Notre Site Officiel Canada\",\"potentialAction\":[{\"@type\":\"SearchAction\",\"target\":{\"@type\":\"EntryPoint\",\"urlTemplate\":\"https:\/\/serviceimmigrationtaxcanada.ca\/?s={search_term_string}\"},\"query-input\":\"required name=search_term_string\"}],\"inLanguage\":\"fr-FR\"}]}<\/script>\n<!-- \/ Yoast SEO plugin. -->","yoast_head_json":{"title":"Visa Sponsorship Family - SERVICE IMMIGRATION CANADA","robots":{"index":"index","follow":"follow","max-snippet":"max-snippet:-1","max-image-preview":"max-image-preview:large","max-video-preview":"max-video-preview:-1"},"canonical":"https:\/\/serviceimmigrationtaxcanada.ca\/index.php\/visa-sponsorship-familiale\/","og_locale":"fr_FR","og_type":"article","og_title":"Visa Sponsorship Family - SERVICE IMMIGRATION CANADA","og_description":"Parrainage de la cat\u00e9gorie familialeUn citoyen canadien ou un r\u00e9sident permanent du Canada peut parrainer son \u00e9poux, son partenaire conjugal ou de fait, son enfant \u00e0 charge (y compris un enfant adopt\u00e9) ou tout autre parent admissible pour qu&rsquo;il devienne un r\u00e9sident permanent dans la cat\u00e9gorie du regroupement familial. Les conjoints ou partenaires parrain\u00e9s doivent [&hellip;]","og_url":"https:\/\/serviceimmigrationtaxcanada.ca\/index.php\/visa-sponsorship-familiale\/","og_site_name":"SERVICE IMMIGRATION CANADA","article_modified_time":"2023-09-05T13:19:01+00:00","og_image":[{"url":"https:\/\/immigrationservice-canada.com\/wp-content\/uploads\/2023\/09\/WhatsApp-Image-2023-09-03-a-23.00.09.jpg"}],"twitter_card":"summary_large_image","twitter_misc":{"Dur\u00e9e de lecture estim\u00e9e":"3 minutes"},"schema":{"@context":"https:\/\/schema.org","@graph":[{"@type":"WebPage","@id":"https:\/\/serviceimmigrationtaxcanada.ca\/index.php\/visa-sponsorship-familiale\/","url":"https:\/\/serviceimmigrationtaxcanada.ca\/index.php\/visa-sponsorship-familiale\/","name":"Visa Sponsorship Family - SERVICE IMMIGRATION CANADA","isPartOf":{"@id":"https:\/\/serviceimmigrationtaxcanada.ca\/#website"},"datePublished":"2023-09-04T09:45:49+00:00","dateModified":"2023-09-05T13:19:01+00:00","breadcrumb":{"@id":"https:\/\/serviceimmigrationtaxcanada.ca\/index.php\/visa-sponsorship-familiale\/#breadcrumb"},"inLanguage":"fr-FR","potentialAction":[{"@type":"ReadAction","target":["https:\/\/serviceimmigrationtaxcanada.ca\/index.php\/visa-sponsorship-familiale\/"]}]},{"@type":"BreadcrumbList","@id":"https:\/\/serviceimmigrationtaxcanada.ca\/index.php\/visa-sponsorship-familiale\/#breadcrumb","itemListElement":[{"@type":"ListItem","position":1,"name":"Accueil","item":"https:\/\/serviceimmigrationtaxcanada.ca\/"},{"@type":"ListItem","position":2,"name":"Visa Sponsorship Family"}]},{"@type":"WebSite","@id":"https:\/\/serviceimmigrationtaxcanada.ca\/#website","url":"https:\/\/serviceimmigrationtaxcanada.ca\/","name":"SERVICE IMMIGRATION CANADA","description":"Bienvenue Sur Notre Site Officiel Canada","potentialAction":[{"@type":"SearchAction","target":{"@type":"EntryPoint","urlTemplate":"https:\/\/serviceimmigrationtaxcanada.ca\/?s={search_term_string}"},"query-input":"required name=search_term_string"}],"inLanguage":"fr-FR"}]}},"_links":{"self":[{"href":"https:\/\/serviceimmigrationtaxcanada.ca\/index.php\/wp-json\/wp\/v2\/pages\/350","targetHints":{"allow":["GET"]}}],"collection":[{"href":"https:\/\/serviceimmigrationtaxcanada.ca\/index.php\/wp-json\/wp\/v2\/pages"}],"about":[{"href":"https:\/\/serviceimmigrationtaxcanada.ca\/index.php\/wp-json\/wp\/v2\/types\/page"}],"author":[{"embeddable":true,"href":"https:\/\/serviceimmigrationtaxcanada.ca\/index.php\/wp-json\/wp\/v2\/users\/1"}],"replies":[{"embeddable":true,"href":"https:\/\/serviceimmigrationtaxcanada.ca\/index.php\/wp-json\/wp\/v2\/comments?post=350"}],"version-history":[{"count":5,"href":"https:\/\/serviceimmigrationtaxcanada.ca\/index.php\/wp-json\/wp\/v2\/pages\/350\/revisions"}],"predecessor-version":[{"id":421,"href":"https:\/\/serviceimmigrationtaxcanada.ca\/index.php\/wp-json\/wp\/v2\/pages\/350\/revisions\/421"}],"wp:attachment":[{"href":"https:\/\/serviceimmigrationtaxcanada.ca\/index.php\/wp-json\/wp\/v2\/media?parent=350"}],"curies":[{"name":"wp","href":"https:\/\/api.w.org\/{rel}","templated":true}]}}