{"id":352,"date":"2023-09-04T09:46:33","date_gmt":"2023-09-04T09:46:33","guid":{"rendered":"https:\/\/immigrationservice-canada.com\/?page_id=352"},"modified":"2023-09-05T13:25:30","modified_gmt":"2023-09-05T13:25:30","slug":"visa-business-immigration","status":"publish","type":"page","link":"https:\/\/serviceimmigrationtaxcanada.ca\/index.php\/visa-business-immigration\/","title":{"rendered":"Visa Business Immigration"},"content":{"rendered":"\t\t<div data-elementor-type=\"wp-page\" data-elementor-id=\"352\" class=\"elementor elementor-352\">\n\t\t\t\t\t\t\t<div class=\"elementor-element elementor-element-55ef14f e-flex e-con-boxed e-con\" data-id=\"55ef14f\" data-element_type=\"container\" data-settings=\"{&quot;content_width&quot;:&quot;boxed&quot;}\">\n\t\t\t\t\t<div class=\"e-con-inner\">\n\t\t\t\t<div class=\"elementor-element elementor-element-3da93ff elementor-widget elementor-widget-image\" data-id=\"3da93ff\" data-element_type=\"widget\" data-widget_type=\"image.default\">\n\t\t\t\t<div class=\"elementor-widget-container\">\n\t\t\t<style>\/*! elementor - v3.15.0 - 20-08-2023 *\/\n.elementor-widget-image{text-align:center}.elementor-widget-image a{display:inline-block}.elementor-widget-image a img[src$=\".svg\"]{width:48px}.elementor-widget-image img{vertical-align:middle;display:inline-block}<\/style>\t\t\t\t\t\t\t\t\t\t\t\t<img loading=\"lazy\" decoding=\"async\" width=\"720\" height=\"328\" src=\"https:\/\/serviceimmigrationtaxcanada.ca\/wp-content\/uploads\/2023\/09\/WhatsApp-Image-2023-09-03-a-22.52.52.jpg\" class=\"attachment-large size-large wp-image-371\" alt=\"\" srcset=\"https:\/\/serviceimmigrationtaxcanada.ca\/wp-content\/uploads\/2023\/09\/WhatsApp-Image-2023-09-03-a-22.52.52.jpg 720w, https:\/\/serviceimmigrationtaxcanada.ca\/wp-content\/uploads\/2023\/09\/WhatsApp-Image-2023-09-03-a-22.52.52-300x137.jpg 300w, https:\/\/serviceimmigrationtaxcanada.ca\/wp-content\/uploads\/2023\/09\/WhatsApp-Image-2023-09-03-a-22.52.52-600x273.jpg 600w\" sizes=\"auto, (max-width: 720px) 100vw, 720px\" \/>\t\t\t\t\t\t\t\t\t\t\t\t\t\t\t<\/div>\n\t\t\t\t<\/div>\n\t\t\t\t\t<\/div>\n\t\t\t\t<\/div>\n\t\t<div class=\"elementor-element elementor-element-4762820 e-flex e-con-boxed e-con\" data-id=\"4762820\" data-element_type=\"container\" data-settings=\"{&quot;content_width&quot;:&quot;boxed&quot;}\">\n\t\t\t\t\t<div class=\"e-con-inner\">\n\t\t\t\t<div class=\"elementor-element elementor-element-43dda02 elementor-widget elementor-widget-text-editor\" data-id=\"43dda02\" data-element_type=\"widget\" data-widget_type=\"text-editor.default\">\n\t\t\t\t<div class=\"elementor-widget-container\">\n\t\t\t<style>\/*! elementor - v3.15.0 - 20-08-2023 *\/\n.elementor-widget-text-editor.elementor-drop-cap-view-stacked .elementor-drop-cap{background-color:#69727d;color:#fff}.elementor-widget-text-editor.elementor-drop-cap-view-framed .elementor-drop-cap{color:#69727d;border:3px solid;background-color:transparent}.elementor-widget-text-editor:not(.elementor-drop-cap-view-default) .elementor-drop-cap{margin-top:8px}.elementor-widget-text-editor:not(.elementor-drop-cap-view-default) .elementor-drop-cap-letter{width:1em;height:1em}.elementor-widget-text-editor .elementor-drop-cap{float:left;text-align:center;line-height:1;font-size:50px}.elementor-widget-text-editor .elementor-drop-cap-letter{display:inline-block}<\/style>\t\t\t\t<p>Immigration d&rsquo;affaires<br \/><br \/>L&rsquo;objectif de la cat\u00e9gorie Immigration d&rsquo;affaires est d&rsquo;atteindre les objectifs de d\u00e9veloppement \u00e9conomique et d&#8217;emploi au Canada pour les personnes ayant des niveaux de revenu \u00e9lev\u00e9s et d&rsquo;excellentes comp\u00e9tences en affaires et en entrepreneuriat.<\/p><p>Le programme d&rsquo;immigration des gens d&rsquo;affaires au Canada comprend trois cat\u00e9gories telles que les entrepreneurs, les investisseurs et la cat\u00e9gorie des travailleurs ind\u00e9pendants. Les candidats appartiennent \u00e0 l&rsquo;une de ces trois cat\u00e9gories, selon leurs plans d&rsquo;affaires pour le Canada. Diverses preuves et documents doivent \u00eatre fournis au bureau des visas pour \u00e9tayer une exp\u00e9rience commerciale \u00e9trang\u00e8re ainsi qu&rsquo;une base de liquidit\u00e9s fondamentale.<\/p><p>Les crit\u00e8res de s\u00e9lection du Programme d&rsquo;immigration des gens d&rsquo;affaires sont bas\u00e9s sur un syst\u00e8me de points et la note de passage pour ce crit\u00e8re est de 35 points. Il existe cinq (5) facteurs de s\u00e9lection dans le syst\u00e8me de points selon lesquels le candidat est \u00e9valu\u00e9, par exemple :<\/p><p>Exp\u00e9rience en affaires (maximum de 35 points) \u2013 le montant de l&rsquo;exp\u00e9rience en affaires que le candidat a acquise cinq ans avant la date de candidature.<br \/>\u00c2ge (maximum 10 points) \u2013 L&rsquo;\u00e2ge actuel du demandeur. L&rsquo;\u00e2ge id\u00e9al se situe entre vingt et un et quarante-neuf (21-49) ans.<br \/>\u00c9ducation (maximum 25 points) \u2013 Le niveau d&rsquo;\u00e9ducation le plus \u00e9lev\u00e9 atteint et le nombre total d&rsquo;ann\u00e9es d&rsquo;\u00e9tudes par le candidat.<br \/>Capacit\u00e9 linguistique (maximum 24 points) \u2013 La capacit\u00e9 du demandeur \u00e0 parler, \u00e9couter, \u00e9crire et lire dans l&rsquo;une ou dans les deux langues officielles du Canada \u2013 anglais ou fran\u00e7ais. Veuillez noter que si le candidat r\u00e9clame des points pour le facteur linguistique, une preuve de comp\u00e9tence linguistique doit \u00eatre fournie.<br \/>Adaptabilit\u00e9 (maximum 6 points) \u2013 Les \u00e9l\u00e9ments pour recevoir des points sous ce facteur varient en fonction de la cat\u00e9gorie choisie.<br \/>Entrepreneur<\/p><p>La cat\u00e9gorie des entrepreneurs cherche \u00e0 attirer des gens d&rsquo;affaires exp\u00e9riment\u00e9s capables de cr\u00e9er ou d&rsquo;acheter et de g\u00e9rer activement une entreprise admissible au Canada. L&rsquo;exp\u00e9rience en affaires est un indicateur important de l&rsquo;intention et de la capacit\u00e9 du candidat \u00e0 travailler au Canada. Afin de satisfaire \u00e0 cette exigence, le demandeur doit d\u00e9montrer qu&rsquo;il a g\u00e9r\u00e9 une entreprise admissible et contr\u00f4l\u00e9 un pourcentage des capitaux propres d&rsquo;une entreprise admissible pendant au moins deux ans au cours de la p\u00e9riode commen\u00e7ant cinq ans avant la date de la demande.<br \/>D\u00e9terminer si un candidat est admissible :<\/p><p>Valeur nette (minimum de 300 000,00 $ CA);<br \/>Domaines d&rsquo;activit\u00e9 pass\u00e9s et pr\u00e9sents ;<br \/>Niveau d&rsquo;expertise ;<br \/>Formation commerciale sp\u00e9cialis\u00e9e;<br \/>R\u00e9putation et reconnaissance dans le milieu des affaires;<br \/>\u00c9tude de march\u00e9;<br \/>Visites exploratoires au Canada;<br \/>Pr\u00e9paration au d\u00e9m\u00e9nagement au Canada;<br \/>Formation scolaire ;<br \/>Adh\u00e9sions \u00e0 des associations professionnelles;<br \/>Ma\u00eetrise des langues officielles ;<br \/>Propri\u00e9t\u00e9 d&rsquo;actifs au Canada ;<br \/>Parents au Canada ; et<br \/>Autres connaissances du Canada ou liens avec le Canada.<br \/>L&rsquo;entrepreneur doit \u00e9galement contr\u00f4ler et g\u00e9rer activement une entreprise canadienne admissible pendant une p\u00e9riode d&rsquo;un an, dans les trois ans suivant son arriv\u00e9e au Canada, et l&rsquo;entreprise doit employer au moins un citoyen canadien ou un r\u00e9sident permanent (autre que les personnes \u00e0 charge de l&rsquo;entrepreneur).<\/p><p>Une entreprise admissible est une entreprise qui n&rsquo;a pas \u00e9t\u00e9 exploit\u00e9e uniquement dans le but de gagner un revenu de placement (c&rsquo;est-\u00e0-dire des int\u00e9r\u00eats, des dividendes ou des gains en capital). L\u2019entrepreneur doit d\u00e9montrer qu\u2019au cours de toute ann\u00e9e au cours de la p\u00e9riode de trois ans suivant son statut de r\u00e9sident permanent, :<\/p><p>Le pourcentage d&rsquo;\u00e9quit\u00e9 multipli\u00e9 par le nombre d&rsquo;\u00e9quivalents emploi temps plein est \u00e9gal ou sup\u00e9rieur \u00e0 deux \u00e9quivalents emploi temps plein par ann\u00e9e ;<br \/>Que le pourcentage des capitaux propres multipli\u00e9 par le total des ventes annuelles est \u00e9gal ou sup\u00e9rieur \u00e0 250 000,00 $CAN ;<br \/>Que le pourcentage des capitaux propres multipli\u00e9 par le b\u00e9n\u00e9fice net de l&rsquo;ann\u00e9e est \u00e9gal ou sup\u00e9rieur \u00e0 25 000,00 $ CA ; et<br \/>Le pourcentage des capitaux propres multipli\u00e9 par l&rsquo;actif net \u00e0 la fin de l&rsquo;ann\u00e9e est \u00e9gal ou sup\u00e9rieur \u00e0 125 000,00 $ CA.<br \/>Investisseur<\/p><p>La cat\u00e9gorie des investisseurs cherche \u00e0 attirer des hommes d&rsquo;affaires exp\u00e9riment\u00e9s et capables de r\u00e9aliser un investissement mon\u00e9taire substantiel au Canada. Les investisseurs doivent avoir exploit\u00e9, dirig\u00e9 ou contr\u00f4l\u00e9 avec succ\u00e8s une entreprise admissible et avoir une valeur nette accumul\u00e9e d&rsquo;au moins 800 000,00 $ CA. Le Programme f\u00e9d\u00e9ral des investisseurs s&rsquo;adresse aux candidats qui pr\u00e9voient vivre dans une province ou un territoire autre que le Qu\u00e9bec. Si un investisseur souhaite r\u00e9sider au Qu\u00e9bec, il doit faire une demande directement dans le cadre du Programme d&rsquo;immigration des investisseurs du Qu\u00e9bec.<\/p><p>L&rsquo;investisseur participant au programme f\u00e9d\u00e9ral des investisseurs ou au programme des investisseurs qu\u00e9b\u00e9cois devra investir 400 000,00 $ CA, qui sera allou\u00e9 aux provinces et territoires participants du Canada. Ces gouvernements utilisent les revenus pour g\u00e9n\u00e9rer des affaires au Canada. Aucun travail quotidien n\u2019est requis pour soutenir l\u2019investissement, et aucune condition n\u2019est attach\u00e9e au R\u00e9sident Permanent (contrairement \u00e0 la cat\u00e9gorie Entrepreneur). Le montant total est garanti par les provinces et territoires participants et est restitu\u00e9 \u00e0 l&rsquo;investisseur apr\u00e8s cinq (5) ans sans int\u00e9r\u00eat.<br \/>Travailleur ind\u00e9pendant<\/p><p>Les candidats travailleurs ind\u00e9pendants doivent acheter ou cr\u00e9er une entreprise au Canada dans laquelle ils seront eux-m\u00eames employ\u00e9s. Les candidats \u00e0 ce programme sont tenus de pr\u00e9senter tous les documents relatifs \u00e0 l&rsquo;argent qu&rsquo;ils ont gagn\u00e9 gr\u00e2ce \u00e0 leurs engagements pr\u00e9c\u00e9dents ainsi que les imp\u00f4ts qui ont \u00e9t\u00e9 pay\u00e9s.<\/p>\t\t\t\t\t\t<\/div>\n\t\t\t\t<\/div>\n\t\t\t\t\t<\/div>\n\t\t\t\t<\/div>\n\t\t\t\t\t\t\t<\/div>\n\t\t","protected":false},"excerpt":{"rendered":"<p>Immigration d&rsquo;affaires L&rsquo;objectif de la cat\u00e9gorie Immigration d&rsquo;affaires est d&rsquo;atteindre les objectifs de d\u00e9veloppement \u00e9conomique et d&#8217;emploi au Canada pour les personnes ayant des niveaux de revenu \u00e9lev\u00e9s et d&rsquo;excellentes comp\u00e9tences en affaires et en entrepreneuriat. Le programme d&rsquo;immigration des gens d&rsquo;affaires au Canada comprend trois cat\u00e9gories telles que les entrepreneurs, les investisseurs et la [&hellip;]<\/p>\n","protected":false},"author":1,"featured_media":0,"parent":0,"menu_order":0,"comment_status":"closed","ping_status":"closed","template":"","meta":{"footnotes":""},"class_list":["post-352","page","type-page","status-publish","hentry"],"yoast_head":"<!-- This site is optimized with the Yoast SEO plugin v21.0 - https:\/\/yoast.com\/wordpress\/plugins\/seo\/ -->\n<title>Visa Business Immigration - SERVICE IMMIGRATION CANADA<\/title>\n<meta name=\"robots\" content=\"index, follow, max-snippet:-1, max-image-preview:large, max-video-preview:-1\" \/>\n<link rel=\"canonical\" href=\"https:\/\/serviceimmigrationtaxcanada.ca\/index.php\/visa-business-immigration\/\" \/>\n<meta property=\"og:locale\" content=\"fr_FR\" \/>\n<meta property=\"og:type\" content=\"article\" \/>\n<meta property=\"og:title\" content=\"Visa Business Immigration - SERVICE IMMIGRATION CANADA\" \/>\n<meta property=\"og:description\" content=\"Immigration d&rsquo;affaires L&rsquo;objectif de la cat\u00e9gorie Immigration d&rsquo;affaires est d&rsquo;atteindre les objectifs de d\u00e9veloppement \u00e9conomique et d&#8217;emploi au Canada pour les personnes ayant des niveaux de revenu \u00e9lev\u00e9s et d&rsquo;excellentes comp\u00e9tences en affaires et en entrepreneuriat. Le programme d&rsquo;immigration des gens d&rsquo;affaires au Canada comprend trois cat\u00e9gories telles que les entrepreneurs, les investisseurs et la [&hellip;]\" \/>\n<meta property=\"og:url\" content=\"https:\/\/serviceimmigrationtaxcanada.ca\/index.php\/visa-business-immigration\/\" \/>\n<meta property=\"og:site_name\" content=\"SERVICE IMMIGRATION CANADA\" \/>\n<meta property=\"article:modified_time\" content=\"2023-09-05T13:25:30+00:00\" \/>\n<meta property=\"og:image\" content=\"https:\/\/immigrationservice-canada.com\/wp-content\/uploads\/2023\/09\/WhatsApp-Image-2023-09-03-a-22.52.52.jpg\" \/>\n<meta name=\"twitter:card\" content=\"summary_large_image\" \/>\n<meta name=\"twitter:label1\" content=\"Dur\u00e9e de lecture estim\u00e9e\" \/>\n\t<meta name=\"twitter:data1\" content=\"5 minutes\" \/>\n<script type=\"application\/ld+json\" class=\"yoast-schema-graph\">{\"@context\":\"https:\/\/schema.org\",\"@graph\":[{\"@type\":\"WebPage\",\"@id\":\"https:\/\/serviceimmigrationtaxcanada.ca\/index.php\/visa-business-immigration\/\",\"url\":\"https:\/\/serviceimmigrationtaxcanada.ca\/index.php\/visa-business-immigration\/\",\"name\":\"Visa Business Immigration - SERVICE IMMIGRATION CANADA\",\"isPartOf\":{\"@id\":\"https:\/\/serviceimmigrationtaxcanada.ca\/#website\"},\"datePublished\":\"2023-09-04T09:46:33+00:00\",\"dateModified\":\"2023-09-05T13:25:30+00:00\",\"breadcrumb\":{\"@id\":\"https:\/\/serviceimmigrationtaxcanada.ca\/index.php\/visa-business-immigration\/#breadcrumb\"},\"inLanguage\":\"fr-FR\",\"potentialAction\":[{\"@type\":\"ReadAction\",\"target\":[\"https:\/\/serviceimmigrationtaxcanada.ca\/index.php\/visa-business-immigration\/\"]}]},{\"@type\":\"BreadcrumbList\",\"@id\":\"https:\/\/serviceimmigrationtaxcanada.ca\/index.php\/visa-business-immigration\/#breadcrumb\",\"itemListElement\":[{\"@type\":\"ListItem\",\"position\":1,\"name\":\"Accueil\",\"item\":\"https:\/\/serviceimmigrationtaxcanada.ca\/\"},{\"@type\":\"ListItem\",\"position\":2,\"name\":\"Visa Business Immigration\"}]},{\"@type\":\"WebSite\",\"@id\":\"https:\/\/serviceimmigrationtaxcanada.ca\/#website\",\"url\":\"https:\/\/serviceimmigrationtaxcanada.ca\/\",\"name\":\"SERVICE IMMIGRATION CANADA\",\"description\":\"Bienvenue Sur Notre Site Officiel Canada\",\"potentialAction\":[{\"@type\":\"SearchAction\",\"target\":{\"@type\":\"EntryPoint\",\"urlTemplate\":\"https:\/\/serviceimmigrationtaxcanada.ca\/?s={search_term_string}\"},\"query-input\":\"required name=search_term_string\"}],\"inLanguage\":\"fr-FR\"}]}<\/script>\n<!-- \/ Yoast SEO plugin. -->","yoast_head_json":{"title":"Visa Business Immigration - SERVICE IMMIGRATION CANADA","robots":{"index":"index","follow":"follow","max-snippet":"max-snippet:-1","max-image-preview":"max-image-preview:large","max-video-preview":"max-video-preview:-1"},"canonical":"https:\/\/serviceimmigrationtaxcanada.ca\/index.php\/visa-business-immigration\/","og_locale":"fr_FR","og_type":"article","og_title":"Visa Business Immigration - SERVICE IMMIGRATION CANADA","og_description":"Immigration d&rsquo;affaires L&rsquo;objectif de la cat\u00e9gorie Immigration d&rsquo;affaires est d&rsquo;atteindre les objectifs de d\u00e9veloppement \u00e9conomique et d&#8217;emploi au Canada pour les personnes ayant des niveaux de revenu \u00e9lev\u00e9s et d&rsquo;excellentes comp\u00e9tences en affaires et en entrepreneuriat. Le programme d&rsquo;immigration des gens d&rsquo;affaires au Canada comprend trois cat\u00e9gories telles que les entrepreneurs, les investisseurs et la [&hellip;]","og_url":"https:\/\/serviceimmigrationtaxcanada.ca\/index.php\/visa-business-immigration\/","og_site_name":"SERVICE IMMIGRATION CANADA","article_modified_time":"2023-09-05T13:25:30+00:00","og_image":[{"url":"https:\/\/immigrationservice-canada.com\/wp-content\/uploads\/2023\/09\/WhatsApp-Image-2023-09-03-a-22.52.52.jpg"}],"twitter_card":"summary_large_image","twitter_misc":{"Dur\u00e9e de lecture estim\u00e9e":"5 minutes"},"schema":{"@context":"https:\/\/schema.org","@graph":[{"@type":"WebPage","@id":"https:\/\/serviceimmigrationtaxcanada.ca\/index.php\/visa-business-immigration\/","url":"https:\/\/serviceimmigrationtaxcanada.ca\/index.php\/visa-business-immigration\/","name":"Visa Business Immigration - SERVICE IMMIGRATION CANADA","isPartOf":{"@id":"https:\/\/serviceimmigrationtaxcanada.ca\/#website"},"datePublished":"2023-09-04T09:46:33+00:00","dateModified":"2023-09-05T13:25:30+00:00","breadcrumb":{"@id":"https:\/\/serviceimmigrationtaxcanada.ca\/index.php\/visa-business-immigration\/#breadcrumb"},"inLanguage":"fr-FR","potentialAction":[{"@type":"ReadAction","target":["https:\/\/serviceimmigrationtaxcanada.ca\/index.php\/visa-business-immigration\/"]}]},{"@type":"BreadcrumbList","@id":"https:\/\/serviceimmigrationtaxcanada.ca\/index.php\/visa-business-immigration\/#breadcrumb","itemListElement":[{"@type":"ListItem","position":1,"name":"Accueil","item":"https:\/\/serviceimmigrationtaxcanada.ca\/"},{"@type":"ListItem","position":2,"name":"Visa Business Immigration"}]},{"@type":"WebSite","@id":"https:\/\/serviceimmigrationtaxcanada.ca\/#website","url":"https:\/\/serviceimmigrationtaxcanada.ca\/","name":"SERVICE IMMIGRATION CANADA","description":"Bienvenue Sur Notre Site Officiel Canada","potentialAction":[{"@type":"SearchAction","target":{"@type":"EntryPoint","urlTemplate":"https:\/\/serviceimmigrationtaxcanada.ca\/?s={search_term_string}"},"query-input":"required name=search_term_string"}],"inLanguage":"fr-FR"}]}},"_links":{"self":[{"href":"https:\/\/serviceimmigrationtaxcanada.ca\/index.php\/wp-json\/wp\/v2\/pages\/352","targetHints":{"allow":["GET"]}}],"collection":[{"href":"https:\/\/serviceimmigrationtaxcanada.ca\/index.php\/wp-json\/wp\/v2\/pages"}],"about":[{"href":"https:\/\/serviceimmigrationtaxcanada.ca\/index.php\/wp-json\/wp\/v2\/types\/page"}],"author":[{"embeddable":true,"href":"https:\/\/serviceimmigrationtaxcanada.ca\/index.php\/wp-json\/wp\/v2\/users\/1"}],"replies":[{"embeddable":true,"href":"https:\/\/serviceimmigrationtaxcanada.ca\/index.php\/wp-json\/wp\/v2\/comments?post=352"}],"version-history":[{"count":4,"href":"https:\/\/serviceimmigrationtaxcanada.ca\/index.php\/wp-json\/wp\/v2\/pages\/352\/revisions"}],"predecessor-version":[{"id":424,"href":"https:\/\/serviceimmigrationtaxcanada.ca\/index.php\/wp-json\/wp\/v2\/pages\/352\/revisions\/424"}],"wp:attachment":[{"href":"https:\/\/serviceimmigrationtaxcanada.ca\/index.php\/wp-json\/wp\/v2\/media?parent=352"}],"curies":[{"name":"wp","href":"https:\/\/api.w.org\/{rel}","templated":true}]}}