{"id":356,"date":"2023-09-04T09:48:13","date_gmt":"2023-09-04T09:48:13","guid":{"rendered":"https:\/\/immigrationservice-canada.com\/?page_id=356"},"modified":"2023-09-05T13:39:58","modified_gmt":"2023-09-05T13:39:58","slug":"visa-visiteur-canadien","status":"publish","type":"page","link":"https:\/\/serviceimmigrationtaxcanada.ca\/index.php\/visa-visiteur-canadien\/","title":{"rendered":"Visa Visiteur Canadien"},"content":{"rendered":"\t\t<div data-elementor-type=\"wp-page\" data-elementor-id=\"356\" class=\"elementor elementor-356\">\n\t\t\t\t\t\t\t<div class=\"elementor-element elementor-element-389289e e-flex e-con-boxed e-con\" data-id=\"389289e\" data-element_type=\"container\" data-settings=\"{&quot;content_width&quot;:&quot;boxed&quot;}\">\n\t\t\t\t\t<div class=\"e-con-inner\">\n\t\t\t\t<div class=\"elementor-element elementor-element-a8b1f63 elementor-widget elementor-widget-image\" data-id=\"a8b1f63\" data-element_type=\"widget\" data-widget_type=\"image.default\">\n\t\t\t\t<div class=\"elementor-widget-container\">\n\t\t\t<style>\/*! elementor - v3.15.0 - 20-08-2023 *\/\n.elementor-widget-image{text-align:center}.elementor-widget-image a{display:inline-block}.elementor-widget-image a img[src$=\".svg\"]{width:48px}.elementor-widget-image img{vertical-align:middle;display:inline-block}<\/style>\t\t\t\t\t\t\t\t\t\t\t\t<img loading=\"lazy\" decoding=\"async\" width=\"720\" height=\"375\" src=\"https:\/\/serviceimmigrationtaxcanada.ca\/wp-content\/uploads\/2023\/09\/WhatsApp-Image-2023-09-03-a-23.00.54.jpg\" class=\"attachment-large size-large wp-image-374\" alt=\"\" srcset=\"https:\/\/serviceimmigrationtaxcanada.ca\/wp-content\/uploads\/2023\/09\/WhatsApp-Image-2023-09-03-a-23.00.54.jpg 720w, https:\/\/serviceimmigrationtaxcanada.ca\/wp-content\/uploads\/2023\/09\/WhatsApp-Image-2023-09-03-a-23.00.54-300x156.jpg 300w, https:\/\/serviceimmigrationtaxcanada.ca\/wp-content\/uploads\/2023\/09\/WhatsApp-Image-2023-09-03-a-23.00.54-600x313.jpg 600w\" sizes=\"auto, (max-width: 720px) 100vw, 720px\" \/>\t\t\t\t\t\t\t\t\t\t\t\t\t\t\t<\/div>\n\t\t\t\t<\/div>\n\t\t\t\t\t<\/div>\n\t\t\t\t<\/div>\n\t\t<div class=\"elementor-element elementor-element-10ce3ce e-flex e-con-boxed e-con\" data-id=\"10ce3ce\" data-element_type=\"container\" data-settings=\"{&quot;content_width&quot;:&quot;boxed&quot;}\">\n\t\t\t\t\t<div class=\"e-con-inner\">\n\t\t\t\t<div class=\"elementor-element elementor-element-6caab4b elementor-widget elementor-widget-text-editor\" data-id=\"6caab4b\" data-element_type=\"widget\" data-widget_type=\"text-editor.default\">\n\t\t\t\t<div class=\"elementor-widget-container\">\n\t\t\t<style>\/*! elementor - v3.15.0 - 20-08-2023 *\/\n.elementor-widget-text-editor.elementor-drop-cap-view-stacked .elementor-drop-cap{background-color:#69727d;color:#fff}.elementor-widget-text-editor.elementor-drop-cap-view-framed .elementor-drop-cap{color:#69727d;border:3px solid;background-color:transparent}.elementor-widget-text-editor:not(.elementor-drop-cap-view-default) .elementor-drop-cap{margin-top:8px}.elementor-widget-text-editor:not(.elementor-drop-cap-view-default) .elementor-drop-cap-letter{width:1em;height:1em}.elementor-widget-text-editor .elementor-drop-cap{float:left;text-align:center;line-height:1;font-size:50px}.elementor-widget-text-editor .elementor-drop-cap-letter{display:inline-block}<\/style>\t\t\t\t<p>Visa visiteur canadien<br \/><br \/>Les visas de r\u00e9sident temporaire permettent aux ressortissants \u00e9trangers d&rsquo;entrer temporairement au Canada pour des visites d&rsquo;agr\u00e9ment (normalement touristiques) ou d&rsquo;affaires. Certains ressortissants \u00e9trangers n&rsquo;ont pas besoin de visa de r\u00e9sident temporaire s&rsquo;ils sont citoyens d&rsquo;un pays exempt\u00e9. Si un ressortissant \u00e9tranger n\u2019est pas citoyen d\u2019un pays exempt\u00e9, cette personne doit demander un visa de r\u00e9sident temporaire avant d\u2019entrer au Canada. Les conjoints et les personnes \u00e0 charge de ceux qui r\u00e9sident temporairement au Canada pourraient \u00e9galement devoir obtenir un visa de r\u00e9sident temporaire, selon leur pays d&rsquo;origine.<\/p><p>Si un ressortissant \u00e9tranger titulaire d&rsquo;un visa de r\u00e9sident temporaire pendant son s\u00e9jour au Canada souhaite travailler, cette personne doit obtenir un permis de travail. Le ressortissant \u00e9tranger peut ensuite demander un permis de travail aupr\u00e8s d&rsquo;un consulat, d&rsquo;une ambassade ou d&rsquo;un haut-commissariat du Canada \u00e0 l&rsquo;\u00e9tranger.<br \/>Il existe trois types (3) de visas de r\u00e9sident temporaire :<\/p><p>Visa \u00e0 entr\u00e9e unique \u2013 cela permet au ressortissant \u00e9tranger une seule entr\u00e9e au Canada ;<br \/>Visa \u00e0 entr\u00e9es multiples \u2013 cela permet au ressortissant \u00e9tranger une entr\u00e9e illimit\u00e9e au Canada en attendant la validit\u00e9 du visa ; et<br \/>Visa de transit \u2013 cela permet l&rsquo;entr\u00e9e au Canada aux ressortissants \u00e9trangers qui voyagent et dont le vol ou le bus entre au Canada pendant moins de quarante-huit (48) heures, mais dont le pays d&rsquo;origine n\u00e9cessite un visa.<br \/>Exon\u00e9r\u00e9 de l&rsquo;obtention d&rsquo;un visa de r\u00e9sident temporaire<\/p><p>Citoyens de certains pays ;<br \/>Les personnes l\u00e9galement admises aux \u00c9tats-Unis pour la r\u00e9sidence permanente ;<br \/>Citoyens britanniques et citoyens des territoires d\u00e9pendants britanniques qui tirent leur citoyennet\u00e9 de leur naissance, de leur descendance, de leur enregistrement ou de leur naturalisation dans l&rsquo;un des territoires britanniques d\u00e9pendants d&rsquo;Anguilla, des Bermudes, des \u00eeles Vierges britanniques, des \u00eeles Ca\u00efmans, des \u00eeles Falkland, de Gibraltar, de Montserrat, de Pitcairn et de Saint-P\u00e9tersbourg. Helena ou les \u00eeles Turques et Ca\u00efques ;<br \/>Les personnes titulaires d&rsquo;un passeport de r\u00e9gion administrative sp\u00e9ciale valide et en vigueur d\u00e9livr\u00e9 par le gouvernement de la r\u00e9gion administrative sp\u00e9ciale de Hong Kong de la R\u00e9publique populaire de Chine ; et<br \/>Les personnes titulaires d&rsquo;un passeport ou d&rsquo;un document de voyage d\u00e9livr\u00e9 par le Saint-Si\u00e8ge.<br \/>Les citoyens de certains pays qui n&rsquo;ont pas besoin de visa pour entrer au Canada doivent demander une AVE. Une AVE est une condition d\u2019entr\u00e9e pour les ressortissants \u00e9trangers exempt\u00e9s de visa voyageant ou transitant par le Canada par voie a\u00e9rienne. L&rsquo;AVE permet au Canada de contr\u00f4ler les voyageurs avant leur arriv\u00e9e au Canada.<br \/>Notez que les ressortissants \u00e9trangers qui pr\u00e9voient visiter le Canada pendant plus de six (6) mois et qui ont r\u00e9sid\u00e9 dans certains pays au cours de l&rsquo;ann\u00e9e pr\u00e9c\u00e9dant leur arriv\u00e9e au Canada devront passer un examen m\u00e9dical avant d&rsquo;obtenir un visa de r\u00e9sident temporaire.<\/p>\t\t\t\t\t\t<\/div>\n\t\t\t\t<\/div>\n\t\t\t\t\t<\/div>\n\t\t\t\t<\/div>\n\t\t\t\t\t\t\t<\/div>\n\t\t","protected":false},"excerpt":{"rendered":"<p>Visa visiteur canadien Les visas de r\u00e9sident temporaire permettent aux ressortissants \u00e9trangers d&rsquo;entrer temporairement au Canada pour des visites d&rsquo;agr\u00e9ment (normalement touristiques) ou d&rsquo;affaires. Certains ressortissants \u00e9trangers n&rsquo;ont pas besoin de visa de r\u00e9sident temporaire s&rsquo;ils sont citoyens d&rsquo;un pays exempt\u00e9. Si un ressortissant \u00e9tranger n\u2019est pas citoyen d\u2019un pays exempt\u00e9, cette personne doit demander [&hellip;]<\/p>\n","protected":false},"author":1,"featured_media":0,"parent":0,"menu_order":0,"comment_status":"closed","ping_status":"closed","template":"","meta":{"footnotes":""},"class_list":["post-356","page","type-page","status-publish","hentry"],"yoast_head":"<!-- This site is optimized with the Yoast SEO plugin v21.0 - https:\/\/yoast.com\/wordpress\/plugins\/seo\/ -->\n<title>Visa Visiteur Canadien - SERVICE IMMIGRATION CANADA<\/title>\n<meta name=\"robots\" content=\"index, follow, max-snippet:-1, max-image-preview:large, max-video-preview:-1\" \/>\n<link rel=\"canonical\" href=\"https:\/\/serviceimmigrationtaxcanada.ca\/index.php\/visa-visiteur-canadien\/\" \/>\n<meta property=\"og:locale\" content=\"fr_FR\" \/>\n<meta property=\"og:type\" content=\"article\" \/>\n<meta property=\"og:title\" content=\"Visa Visiteur Canadien - SERVICE IMMIGRATION CANADA\" \/>\n<meta property=\"og:description\" content=\"Visa visiteur canadien Les visas de r\u00e9sident temporaire permettent aux ressortissants \u00e9trangers d&rsquo;entrer temporairement au Canada pour des visites d&rsquo;agr\u00e9ment (normalement touristiques) ou d&rsquo;affaires. Certains ressortissants \u00e9trangers n&rsquo;ont pas besoin de visa de r\u00e9sident temporaire s&rsquo;ils sont citoyens d&rsquo;un pays exempt\u00e9. Si un ressortissant \u00e9tranger n\u2019est pas citoyen d\u2019un pays exempt\u00e9, cette personne doit demander [&hellip;]\" \/>\n<meta property=\"og:url\" content=\"https:\/\/serviceimmigrationtaxcanada.ca\/index.php\/visa-visiteur-canadien\/\" \/>\n<meta property=\"og:site_name\" content=\"SERVICE IMMIGRATION CANADA\" \/>\n<meta property=\"article:modified_time\" content=\"2023-09-05T13:39:58+00:00\" \/>\n<meta property=\"og:image\" content=\"https:\/\/immigrationservice-canada.com\/wp-content\/uploads\/2023\/09\/WhatsApp-Image-2023-09-03-a-23.00.54.jpg\" \/>\n<meta name=\"twitter:card\" content=\"summary_large_image\" \/>\n<meta name=\"twitter:label1\" content=\"Dur\u00e9e de lecture estim\u00e9e\" \/>\n\t<meta name=\"twitter:data1\" content=\"3 minutes\" \/>\n<script type=\"application\/ld+json\" class=\"yoast-schema-graph\">{\"@context\":\"https:\/\/schema.org\",\"@graph\":[{\"@type\":\"WebPage\",\"@id\":\"https:\/\/serviceimmigrationtaxcanada.ca\/index.php\/visa-visiteur-canadien\/\",\"url\":\"https:\/\/serviceimmigrationtaxcanada.ca\/index.php\/visa-visiteur-canadien\/\",\"name\":\"Visa Visiteur Canadien - SERVICE IMMIGRATION CANADA\",\"isPartOf\":{\"@id\":\"https:\/\/serviceimmigrationtaxcanada.ca\/#website\"},\"datePublished\":\"2023-09-04T09:48:13+00:00\",\"dateModified\":\"2023-09-05T13:39:58+00:00\",\"breadcrumb\":{\"@id\":\"https:\/\/serviceimmigrationtaxcanada.ca\/index.php\/visa-visiteur-canadien\/#breadcrumb\"},\"inLanguage\":\"fr-FR\",\"potentialAction\":[{\"@type\":\"ReadAction\",\"target\":[\"https:\/\/serviceimmigrationtaxcanada.ca\/index.php\/visa-visiteur-canadien\/\"]}]},{\"@type\":\"BreadcrumbList\",\"@id\":\"https:\/\/serviceimmigrationtaxcanada.ca\/index.php\/visa-visiteur-canadien\/#breadcrumb\",\"itemListElement\":[{\"@type\":\"ListItem\",\"position\":1,\"name\":\"Accueil\",\"item\":\"https:\/\/serviceimmigrationtaxcanada.ca\/\"},{\"@type\":\"ListItem\",\"position\":2,\"name\":\"Visa Visiteur Canadien\"}]},{\"@type\":\"WebSite\",\"@id\":\"https:\/\/serviceimmigrationtaxcanada.ca\/#website\",\"url\":\"https:\/\/serviceimmigrationtaxcanada.ca\/\",\"name\":\"SERVICE IMMIGRATION CANADA\",\"description\":\"Bienvenue Sur Notre Site Officiel Canada\",\"potentialAction\":[{\"@type\":\"SearchAction\",\"target\":{\"@type\":\"EntryPoint\",\"urlTemplate\":\"https:\/\/serviceimmigrationtaxcanada.ca\/?s={search_term_string}\"},\"query-input\":\"required name=search_term_string\"}],\"inLanguage\":\"fr-FR\"}]}<\/script>\n<!-- \/ Yoast SEO plugin. -->","yoast_head_json":{"title":"Visa Visiteur Canadien - SERVICE IMMIGRATION CANADA","robots":{"index":"index","follow":"follow","max-snippet":"max-snippet:-1","max-image-preview":"max-image-preview:large","max-video-preview":"max-video-preview:-1"},"canonical":"https:\/\/serviceimmigrationtaxcanada.ca\/index.php\/visa-visiteur-canadien\/","og_locale":"fr_FR","og_type":"article","og_title":"Visa Visiteur Canadien - SERVICE IMMIGRATION CANADA","og_description":"Visa visiteur canadien Les visas de r\u00e9sident temporaire permettent aux ressortissants \u00e9trangers d&rsquo;entrer temporairement au Canada pour des visites d&rsquo;agr\u00e9ment (normalement touristiques) ou d&rsquo;affaires. Certains ressortissants \u00e9trangers n&rsquo;ont pas besoin de visa de r\u00e9sident temporaire s&rsquo;ils sont citoyens d&rsquo;un pays exempt\u00e9. Si un ressortissant \u00e9tranger n\u2019est pas citoyen d\u2019un pays exempt\u00e9, cette personne doit demander [&hellip;]","og_url":"https:\/\/serviceimmigrationtaxcanada.ca\/index.php\/visa-visiteur-canadien\/","og_site_name":"SERVICE IMMIGRATION CANADA","article_modified_time":"2023-09-05T13:39:58+00:00","og_image":[{"url":"https:\/\/immigrationservice-canada.com\/wp-content\/uploads\/2023\/09\/WhatsApp-Image-2023-09-03-a-23.00.54.jpg"}],"twitter_card":"summary_large_image","twitter_misc":{"Dur\u00e9e de lecture estim\u00e9e":"3 minutes"},"schema":{"@context":"https:\/\/schema.org","@graph":[{"@type":"WebPage","@id":"https:\/\/serviceimmigrationtaxcanada.ca\/index.php\/visa-visiteur-canadien\/","url":"https:\/\/serviceimmigrationtaxcanada.ca\/index.php\/visa-visiteur-canadien\/","name":"Visa Visiteur Canadien - SERVICE IMMIGRATION CANADA","isPartOf":{"@id":"https:\/\/serviceimmigrationtaxcanada.ca\/#website"},"datePublished":"2023-09-04T09:48:13+00:00","dateModified":"2023-09-05T13:39:58+00:00","breadcrumb":{"@id":"https:\/\/serviceimmigrationtaxcanada.ca\/index.php\/visa-visiteur-canadien\/#breadcrumb"},"inLanguage":"fr-FR","potentialAction":[{"@type":"ReadAction","target":["https:\/\/serviceimmigrationtaxcanada.ca\/index.php\/visa-visiteur-canadien\/"]}]},{"@type":"BreadcrumbList","@id":"https:\/\/serviceimmigrationtaxcanada.ca\/index.php\/visa-visiteur-canadien\/#breadcrumb","itemListElement":[{"@type":"ListItem","position":1,"name":"Accueil","item":"https:\/\/serviceimmigrationtaxcanada.ca\/"},{"@type":"ListItem","position":2,"name":"Visa Visiteur Canadien"}]},{"@type":"WebSite","@id":"https:\/\/serviceimmigrationtaxcanada.ca\/#website","url":"https:\/\/serviceimmigrationtaxcanada.ca\/","name":"SERVICE IMMIGRATION CANADA","description":"Bienvenue Sur Notre Site Officiel Canada","potentialAction":[{"@type":"SearchAction","target":{"@type":"EntryPoint","urlTemplate":"https:\/\/serviceimmigrationtaxcanada.ca\/?s={search_term_string}"},"query-input":"required name=search_term_string"}],"inLanguage":"fr-FR"}]}},"_links":{"self":[{"href":"https:\/\/serviceimmigrationtaxcanada.ca\/index.php\/wp-json\/wp\/v2\/pages\/356","targetHints":{"allow":["GET"]}}],"collection":[{"href":"https:\/\/serviceimmigrationtaxcanada.ca\/index.php\/wp-json\/wp\/v2\/pages"}],"about":[{"href":"https:\/\/serviceimmigrationtaxcanada.ca\/index.php\/wp-json\/wp\/v2\/types\/page"}],"author":[{"embeddable":true,"href":"https:\/\/serviceimmigrationtaxcanada.ca\/index.php\/wp-json\/wp\/v2\/users\/1"}],"replies":[{"embeddable":true,"href":"https:\/\/serviceimmigrationtaxcanada.ca\/index.php\/wp-json\/wp\/v2\/comments?post=356"}],"version-history":[{"count":4,"href":"https:\/\/serviceimmigrationtaxcanada.ca\/index.php\/wp-json\/wp\/v2\/pages\/356\/revisions"}],"predecessor-version":[{"id":434,"href":"https:\/\/serviceimmigrationtaxcanada.ca\/index.php\/wp-json\/wp\/v2\/pages\/356\/revisions\/434"}],"wp:attachment":[{"href":"https:\/\/serviceimmigrationtaxcanada.ca\/index.php\/wp-json\/wp\/v2\/media?parent=356"}],"curies":[{"name":"wp","href":"https:\/\/api.w.org\/{rel}","templated":true}]}}