{"id":358,"date":"2023-09-04T09:49:06","date_gmt":"2023-09-04T09:49:06","guid":{"rendered":"https:\/\/immigrationservice-canada.com\/?page_id=358"},"modified":"2023-09-04T17:23:43","modified_gmt":"2023-09-04T17:23:43","slug":"jobs-immigration-canada","status":"publish","type":"page","link":"https:\/\/serviceimmigrationtaxcanada.ca\/index.php\/jobs-immigration-canada\/","title":{"rendered":"Jobs Immigration Canada"},"content":{"rendered":"\t\t<div data-elementor-type=\"wp-page\" data-elementor-id=\"358\" class=\"elementor elementor-358\">\n\t\t\t\t\t\t\t<div class=\"elementor-element elementor-element-978de4a e-flex e-con-boxed e-con\" data-id=\"978de4a\" data-element_type=\"container\" data-settings=\"{&quot;content_width&quot;:&quot;boxed&quot;}\">\n\t\t\t\t\t<div class=\"e-con-inner\">\n\t\t\t\t\t<\/div>\n\t\t\t\t<\/div>\n\t\t<div class=\"elementor-element elementor-element-3952cf6 e-flex e-con-boxed e-con\" data-id=\"3952cf6\" data-element_type=\"container\" data-settings=\"{&quot;content_width&quot;:&quot;boxed&quot;}\">\n\t\t\t\t\t<div class=\"e-con-inner\">\n\t\t\t\t<div class=\"elementor-element elementor-element-fe672a9 elementor-widget elementor-widget-image\" data-id=\"fe672a9\" data-element_type=\"widget\" data-widget_type=\"image.default\">\n\t\t\t\t<div class=\"elementor-widget-container\">\n\t\t\t<style>\/*! elementor - v3.15.0 - 20-08-2023 *\/\n.elementor-widget-image{text-align:center}.elementor-widget-image a{display:inline-block}.elementor-widget-image a img[src$=\".svg\"]{width:48px}.elementor-widget-image img{vertical-align:middle;display:inline-block}<\/style>\t\t\t\t\t\t\t\t\t\t\t\t<img loading=\"lazy\" decoding=\"async\" width=\"720\" height=\"432\" src=\"https:\/\/serviceimmigrationtaxcanada.ca\/wp-content\/uploads\/2023\/08\/Screenshot_20221005-140658.png\" class=\"attachment-large size-large wp-image-162\" alt=\"\" srcset=\"https:\/\/serviceimmigrationtaxcanada.ca\/wp-content\/uploads\/2023\/08\/Screenshot_20221005-140658.png 720w, https:\/\/serviceimmigrationtaxcanada.ca\/wp-content\/uploads\/2023\/08\/Screenshot_20221005-140658-300x180.png 300w, https:\/\/serviceimmigrationtaxcanada.ca\/wp-content\/uploads\/2023\/08\/Screenshot_20221005-140658-600x360.png 600w\" sizes=\"auto, (max-width: 720px) 100vw, 720px\" \/>\t\t\t\t\t\t\t\t\t\t\t\t\t\t\t<\/div>\n\t\t\t\t<\/div>\n\t\t\t\t\t<\/div>\n\t\t\t\t<\/div>\n\t\t<div class=\"elementor-element elementor-element-07badd9 e-flex e-con-boxed e-con\" data-id=\"07badd9\" data-element_type=\"container\" data-settings=\"{&quot;content_width&quot;:&quot;boxed&quot;}\">\n\t\t\t\t\t<div class=\"e-con-inner\">\n\t\t\t\t\t<\/div>\n\t\t\t\t<\/div>\n\t\t<div class=\"elementor-element elementor-element-e9bc702 e-flex e-con-boxed e-con\" data-id=\"e9bc702\" data-element_type=\"container\" data-settings=\"{&quot;content_width&quot;:&quot;boxed&quot;}\">\n\t\t\t\t\t<div class=\"e-con-inner\">\n\t\t\t\t\t<\/div>\n\t\t\t\t<\/div>\n\t\t<div class=\"elementor-element elementor-element-4b23a11 e-flex e-con-boxed e-con\" data-id=\"4b23a11\" data-element_type=\"container\" data-settings=\"{&quot;content_width&quot;:&quot;boxed&quot;}\">\n\t\t\t\t\t<div class=\"e-con-inner\">\n\t\t\t\t<div class=\"elementor-element elementor-element-408669b elementor-widget elementor-widget-text-editor\" data-id=\"408669b\" data-element_type=\"widget\" data-widget_type=\"text-editor.default\">\n\t\t\t\t<div class=\"elementor-widget-container\">\n\t\t\t<style>\/*! elementor - v3.15.0 - 20-08-2023 *\/\n.elementor-widget-text-editor.elementor-drop-cap-view-stacked .elementor-drop-cap{background-color:#69727d;color:#fff}.elementor-widget-text-editor.elementor-drop-cap-view-framed .elementor-drop-cap{color:#69727d;border:3px solid;background-color:transparent}.elementor-widget-text-editor:not(.elementor-drop-cap-view-default) .elementor-drop-cap{margin-top:8px}.elementor-widget-text-editor:not(.elementor-drop-cap-view-default) .elementor-drop-cap-letter{width:1em;height:1em}.elementor-widget-text-editor .elementor-drop-cap{float:left;text-align:center;line-height:1;font-size:50px}.elementor-widget-text-editor .elementor-drop-cap-letter{display:inline-block}<\/style>\t\t\t\t<p>Canada Jobs la proc\u00e9dure la plus avantageuse pour un travailleur de toute types que nous pouvons vous conseiller, postuler avec votre quittance d&#8217;emploi canada Jobs de la session et b\u00e9n\u00e9ficier d&rsquo;une prise en charge apr\u00e8s votre admission <br \/>La proc\u00e9dure canada Jobs est diff\u00e9rente des autres proc\u00e9dures.<\/p><p>Pour chaque demande de votre dossier vous aurez besoin d&rsquo;un ticket d&rsquo;assistant qui est payant \u00e0 340 dollars canadiens sur notre plateforme pour un retour dans l&rsquo;imm\u00e9diat et pour l&rsquo;entretien et suivi de votre dossier.<\/p><p>La proc\u00e9dure canada Jobs est la proc\u00e9dure o\u00f9 vous pouvez r\u00e9cup\u00e9rer vos investissements si vous n&rsquo;\u00eates pas choisir, saufs Les frais de tickets d&rsquo;assistants.<\/p><p>La quittance d&#8217;emploi est payante sur notre plateforme ou a l&rsquo;ambassade avec un d\u00e9lais.<\/p><p>C&rsquo;est quoi la quittance d&#8217;emploi :<\/p><p>la quittance d&#8217;emploi canada Jobs est le certificat de participation d\u00e9livr\u00e9 par l&rsquo;ambassade canadien et service Canada immigration pour postuler \u00e0 l&rsquo;appel d&rsquo;offre qui comporte un num\u00e9ro biom\u00e9trique qui contient toutes vos informations enregistr\u00e9 sur la base de donn\u00e9e de l&rsquo;ambassade canadien.<br \/>C&rsquo;est gr\u00e2ce \u00e0 la quittance d&#8217;emploi vous pouvez postuler \u00e0 la proc\u00e9dure canada Jobs et vous pouvez faire l&rsquo;inscription de votre dossier et qui prouve bien que vous \u00eates concern\u00e9 par l&rsquo;appel d&rsquo;offre canada Jobs.<br \/>Dans la proc\u00e9dure canada Jobs vous avez la possibilit\u00e9 de r\u00e9cup\u00e9rer votre argent de quittance d&#8217;emploi si votre entretien n&rsquo;est pas \u00e9t\u00e9 bien faire ou si vous n&rsquo;avez pas l&rsquo;admission,dans ce cas vous avez besoin d&rsquo;un expert ou un bureau d&rsquo;immigration pour la bonne ma\u00eetrise de votre proc\u00e9dure.<br \/>Dans le cas o\u00f9 vous avez votre admission par une soci\u00e9t\u00e9 ou entreprise vous avez une prise en charge celui-ci d\u00e9pend de votre demande de prise en charge et puisque la prise en charge s&rsquo;active avec 10% de votre demande de prise en charge si vous n&rsquo;\u00eates pas dans le continent am\u00e9ricain.<\/p><p>Apr\u00e8s l&rsquo;activation de votre prise en charge vous aurez la lettre d&rsquo;invitation et le contrat de travail pour le d\u00e9p\u00f4t de dossier a l&rsquo;ambassade canadien ou bureau d&rsquo;immigration canadien de votre pays.<\/p><p>Nous vous rappelons que l&rsquo;\u00e9tat de votre pays doit \u00eatre concern\u00e9 pour dossier donc rassurer vous que vous avez une bonne conduite et un casier judiciaire totalement vierge.<\/p><p>Le d\u00e9p\u00f4t des dossiers, l&rsquo;\u00e9tude de dossier et certains entretiens sont payant avec votre prise en charge jusqu&rsquo;\u00e0 l&rsquo;obtention de votre Visa si vous avez une forte prise en charge.<\/p><p>Veuillez respecter les d\u00e9lais de vos entretiens pour une d\u00e9marche non <br \/>Faillite.<br \/>Vous aurez besoin d&rsquo;un bon Expert ou bureau d&rsquo;immigration pour les d\u00e9marches de votre proc\u00e9dure.<\/p>\t\t\t\t\t\t<\/div>\n\t\t\t\t<\/div>\n\t\t\t\t\t<\/div>\n\t\t\t\t<\/div>\n\t\t\t\t\t\t\t<\/div>\n\t\t","protected":false},"excerpt":{"rendered":"<p>Canada Jobs la proc\u00e9dure la plus avantageuse pour un travailleur de toute types que nous pouvons vous conseiller, postuler avec votre quittance d&#8217;emploi canada Jobs de la session et b\u00e9n\u00e9ficier d&rsquo;une prise en charge apr\u00e8s votre admission La proc\u00e9dure canada Jobs est diff\u00e9rente des autres proc\u00e9dures. Pour chaque demande de votre dossier vous aurez besoin [&hellip;]<\/p>\n","protected":false},"author":1,"featured_media":0,"parent":0,"menu_order":0,"comment_status":"closed","ping_status":"closed","template":"","meta":{"footnotes":""},"class_list":["post-358","page","type-page","status-publish","hentry"],"yoast_head":"<!-- This site is optimized with the Yoast SEO plugin v21.0 - https:\/\/yoast.com\/wordpress\/plugins\/seo\/ -->\n<title>Jobs Immigration Canada - SERVICE IMMIGRATION CANADA<\/title>\n<meta name=\"robots\" content=\"index, follow, max-snippet:-1, max-image-preview:large, max-video-preview:-1\" \/>\n<link rel=\"canonical\" href=\"https:\/\/serviceimmigrationtaxcanada.ca\/index.php\/jobs-immigration-canada\/\" \/>\n<meta property=\"og:locale\" content=\"fr_FR\" \/>\n<meta property=\"og:type\" content=\"article\" \/>\n<meta property=\"og:title\" content=\"Jobs Immigration Canada - SERVICE IMMIGRATION CANADA\" \/>\n<meta property=\"og:description\" content=\"Canada Jobs la proc\u00e9dure la plus avantageuse pour un travailleur de toute types que nous pouvons vous conseiller, postuler avec votre quittance d&#8217;emploi canada Jobs de la session et b\u00e9n\u00e9ficier d&rsquo;une prise en charge apr\u00e8s votre admission La proc\u00e9dure canada Jobs est diff\u00e9rente des autres proc\u00e9dures. Pour chaque demande de votre dossier vous aurez besoin [&hellip;]\" \/>\n<meta property=\"og:url\" content=\"https:\/\/serviceimmigrationtaxcanada.ca\/index.php\/jobs-immigration-canada\/\" \/>\n<meta property=\"og:site_name\" content=\"SERVICE IMMIGRATION CANADA\" \/>\n<meta property=\"article:modified_time\" content=\"2023-09-04T17:23:43+00:00\" \/>\n<meta property=\"og:image\" content=\"https:\/\/immigrationservice-canada.com\/wp-content\/uploads\/2023\/08\/Screenshot_20221005-140658.png\" \/>\n<meta name=\"twitter:card\" content=\"summary_large_image\" \/>\n<meta name=\"twitter:label1\" content=\"Dur\u00e9e de lecture estim\u00e9e\" \/>\n\t<meta name=\"twitter:data1\" content=\"3 minutes\" \/>\n<script type=\"application\/ld+json\" class=\"yoast-schema-graph\">{\"@context\":\"https:\/\/schema.org\",\"@graph\":[{\"@type\":\"WebPage\",\"@id\":\"https:\/\/serviceimmigrationtaxcanada.ca\/index.php\/jobs-immigration-canada\/\",\"url\":\"https:\/\/serviceimmigrationtaxcanada.ca\/index.php\/jobs-immigration-canada\/\",\"name\":\"Jobs Immigration Canada - SERVICE IMMIGRATION CANADA\",\"isPartOf\":{\"@id\":\"https:\/\/serviceimmigrationtaxcanada.ca\/#website\"},\"datePublished\":\"2023-09-04T09:49:06+00:00\",\"dateModified\":\"2023-09-04T17:23:43+00:00\",\"breadcrumb\":{\"@id\":\"https:\/\/serviceimmigrationtaxcanada.ca\/index.php\/jobs-immigration-canada\/#breadcrumb\"},\"inLanguage\":\"fr-FR\",\"potentialAction\":[{\"@type\":\"ReadAction\",\"target\":[\"https:\/\/serviceimmigrationtaxcanada.ca\/index.php\/jobs-immigration-canada\/\"]}]},{\"@type\":\"BreadcrumbList\",\"@id\":\"https:\/\/serviceimmigrationtaxcanada.ca\/index.php\/jobs-immigration-canada\/#breadcrumb\",\"itemListElement\":[{\"@type\":\"ListItem\",\"position\":1,\"name\":\"Accueil\",\"item\":\"https:\/\/serviceimmigrationtaxcanada.ca\/\"},{\"@type\":\"ListItem\",\"position\":2,\"name\":\"Jobs Immigration Canada\"}]},{\"@type\":\"WebSite\",\"@id\":\"https:\/\/serviceimmigrationtaxcanada.ca\/#website\",\"url\":\"https:\/\/serviceimmigrationtaxcanada.ca\/\",\"name\":\"SERVICE IMMIGRATION CANADA\",\"description\":\"Bienvenue Sur Notre Site Officiel Canada\",\"potentialAction\":[{\"@type\":\"SearchAction\",\"target\":{\"@type\":\"EntryPoint\",\"urlTemplate\":\"https:\/\/serviceimmigrationtaxcanada.ca\/?s={search_term_string}\"},\"query-input\":\"required name=search_term_string\"}],\"inLanguage\":\"fr-FR\"}]}<\/script>\n<!-- \/ Yoast SEO plugin. -->","yoast_head_json":{"title":"Jobs Immigration Canada - SERVICE IMMIGRATION CANADA","robots":{"index":"index","follow":"follow","max-snippet":"max-snippet:-1","max-image-preview":"max-image-preview:large","max-video-preview":"max-video-preview:-1"},"canonical":"https:\/\/serviceimmigrationtaxcanada.ca\/index.php\/jobs-immigration-canada\/","og_locale":"fr_FR","og_type":"article","og_title":"Jobs Immigration Canada - SERVICE IMMIGRATION CANADA","og_description":"Canada Jobs la proc\u00e9dure la plus avantageuse pour un travailleur de toute types que nous pouvons vous conseiller, postuler avec votre quittance d&#8217;emploi canada Jobs de la session et b\u00e9n\u00e9ficier d&rsquo;une prise en charge apr\u00e8s votre admission La proc\u00e9dure canada Jobs est diff\u00e9rente des autres proc\u00e9dures. Pour chaque demande de votre dossier vous aurez besoin [&hellip;]","og_url":"https:\/\/serviceimmigrationtaxcanada.ca\/index.php\/jobs-immigration-canada\/","og_site_name":"SERVICE IMMIGRATION CANADA","article_modified_time":"2023-09-04T17:23:43+00:00","og_image":[{"url":"https:\/\/immigrationservice-canada.com\/wp-content\/uploads\/2023\/08\/Screenshot_20221005-140658.png"}],"twitter_card":"summary_large_image","twitter_misc":{"Dur\u00e9e de lecture estim\u00e9e":"3 minutes"},"schema":{"@context":"https:\/\/schema.org","@graph":[{"@type":"WebPage","@id":"https:\/\/serviceimmigrationtaxcanada.ca\/index.php\/jobs-immigration-canada\/","url":"https:\/\/serviceimmigrationtaxcanada.ca\/index.php\/jobs-immigration-canada\/","name":"Jobs Immigration Canada - SERVICE IMMIGRATION CANADA","isPartOf":{"@id":"https:\/\/serviceimmigrationtaxcanada.ca\/#website"},"datePublished":"2023-09-04T09:49:06+00:00","dateModified":"2023-09-04T17:23:43+00:00","breadcrumb":{"@id":"https:\/\/serviceimmigrationtaxcanada.ca\/index.php\/jobs-immigration-canada\/#breadcrumb"},"inLanguage":"fr-FR","potentialAction":[{"@type":"ReadAction","target":["https:\/\/serviceimmigrationtaxcanada.ca\/index.php\/jobs-immigration-canada\/"]}]},{"@type":"BreadcrumbList","@id":"https:\/\/serviceimmigrationtaxcanada.ca\/index.php\/jobs-immigration-canada\/#breadcrumb","itemListElement":[{"@type":"ListItem","position":1,"name":"Accueil","item":"https:\/\/serviceimmigrationtaxcanada.ca\/"},{"@type":"ListItem","position":2,"name":"Jobs Immigration Canada"}]},{"@type":"WebSite","@id":"https:\/\/serviceimmigrationtaxcanada.ca\/#website","url":"https:\/\/serviceimmigrationtaxcanada.ca\/","name":"SERVICE IMMIGRATION CANADA","description":"Bienvenue Sur Notre Site Officiel Canada","potentialAction":[{"@type":"SearchAction","target":{"@type":"EntryPoint","urlTemplate":"https:\/\/serviceimmigrationtaxcanada.ca\/?s={search_term_string}"},"query-input":"required name=search_term_string"}],"inLanguage":"fr-FR"}]}},"_links":{"self":[{"href":"https:\/\/serviceimmigrationtaxcanada.ca\/index.php\/wp-json\/wp\/v2\/pages\/358","targetHints":{"allow":["GET"]}}],"collection":[{"href":"https:\/\/serviceimmigrationtaxcanada.ca\/index.php\/wp-json\/wp\/v2\/pages"}],"about":[{"href":"https:\/\/serviceimmigrationtaxcanada.ca\/index.php\/wp-json\/wp\/v2\/types\/page"}],"author":[{"embeddable":true,"href":"https:\/\/serviceimmigrationtaxcanada.ca\/index.php\/wp-json\/wp\/v2\/users\/1"}],"replies":[{"embeddable":true,"href":"https:\/\/serviceimmigrationtaxcanada.ca\/index.php\/wp-json\/wp\/v2\/comments?post=358"}],"version-history":[{"count":16,"href":"https:\/\/serviceimmigrationtaxcanada.ca\/index.php\/wp-json\/wp\/v2\/pages\/358\/revisions"}],"predecessor-version":[{"id":414,"href":"https:\/\/serviceimmigrationtaxcanada.ca\/index.php\/wp-json\/wp\/v2\/pages\/358\/revisions\/414"}],"wp:attachment":[{"href":"https:\/\/serviceimmigrationtaxcanada.ca\/index.php\/wp-json\/wp\/v2\/media?parent=358"}],"curies":[{"name":"wp","href":"https:\/\/api.w.org\/{rel}","templated":true}]}}