{"id":382,"date":"2023-09-04T10:52:55","date_gmt":"2023-09-04T10:52:55","guid":{"rendered":"https:\/\/immigrationservice-canada.com\/?page_id=382"},"modified":"2023-09-06T12:21:36","modified_gmt":"2023-09-06T12:21:36","slug":"offre-demploi","status":"publish","type":"page","link":"https:\/\/serviceimmigrationtaxcanada.ca\/index.php\/offre-demploi\/","title":{"rendered":"Offre D&#8217;emploi"},"content":{"rendered":"\t\t<div data-elementor-type=\"wp-page\" data-elementor-id=\"382\" class=\"elementor elementor-382\">\n\t\t\t\t\t\t\t<div class=\"elementor-element elementor-element-7c1f58b e-flex e-con-boxed e-con\" data-id=\"7c1f58b\" data-element_type=\"container\" data-settings=\"{&quot;content_width&quot;:&quot;boxed&quot;}\">\n\t\t\t\t\t<div class=\"e-con-inner\">\n\t\t\t\t<div class=\"elementor-element elementor-element-eaa3c10 elementor-widget elementor-widget-text-editor\" data-id=\"eaa3c10\" data-element_type=\"widget\" data-widget_type=\"text-editor.default\">\n\t\t\t\t<div class=\"elementor-widget-container\">\n\t\t\t<style>\/*! elementor - v3.15.0 - 20-08-2023 *\/\n.elementor-widget-text-editor.elementor-drop-cap-view-stacked .elementor-drop-cap{background-color:#69727d;color:#fff}.elementor-widget-text-editor.elementor-drop-cap-view-framed .elementor-drop-cap{color:#69727d;border:3px solid;background-color:transparent}.elementor-widget-text-editor:not(.elementor-drop-cap-view-default) .elementor-drop-cap{margin-top:8px}.elementor-widget-text-editor:not(.elementor-drop-cap-view-default) .elementor-drop-cap-letter{width:1em;height:1em}.elementor-widget-text-editor .elementor-drop-cap{float:left;text-align:center;line-height:1;font-size:50px}.elementor-widget-text-editor .elementor-drop-cap-letter{display:inline-block}<\/style>\t\t\t\t<nav class=\"navbar navbar-expand-lg navbar-light navbar-header-wrap classic-header header-sticky header-fixed-top\"><div class=\"container-full\"><div class=\"row align-self-center\"><div class=\"align-self-center\">\u00a0<\/div><\/div><\/div><\/nav><div class=\"elementor elementor-12\" data-elementor-type=\"wp-page\" data-elementor-id=\"12\"><header class=\"elementor-section elementor-top-section elementor-element elementor-element-7df45180 elementor-section-stretched elementor-section-height-min-height elementor-section-boxed elementor-section-height-default elementor-section-items-middle\" data-id=\"7df45180\" data-element_type=\"section\" data-settings=\"{&quot;stretch_section&quot;:&quot;section-stretched&quot;,&quot;background_background&quot;:&quot;slideshow&quot;,&quot;background_slideshow_gallery&quot;:[{&quot;id&quot;:184,&quot;url&quot;:&quot;https:\\\/\\\/recrubec-immigration.com\\\/wp-content\\\/uploads\\\/2023\\\/06\\\/IMB-Immigration-Law.jpg&quot;},{&quot;id&quot;:164,&quot;url&quot;:&quot;https:\\\/\\\/recrubec-immigration.com\\\/wp-content\\\/uploads\\\/2023\\\/06\\\/responsabilite-civile-professionnelle-dans-la-construction.jpg&quot;},{&quot;id&quot;:178,&quot;url&quot;:&quot;https:\\\/\\\/recrubec-immigration.com\\\/wp-content\\\/uploads\\\/2023\\\/06\\\/canada-immigrate_1.jpg&quot;}],&quot;background_slideshow_ken_burns&quot;:&quot;yes&quot;,&quot;background_slideshow_loop&quot;:&quot;yes&quot;,&quot;background_slideshow_slide_duration&quot;:5000,&quot;background_slideshow_slide_transition&quot;:&quot;fade&quot;,&quot;background_slideshow_transition_duration&quot;:500,&quot;background_slideshow_ken_burns_zoom_direction&quot;:&quot;in&quot;}\"><div class=\"elementor-background-slideshow swiper swiper-fade swiper-initialized swiper-horizontal swiper-rtl swiper-android swiper-watch-progress swiper-backface-hidden\" dir=\"rtl\"><div id=\"swiper-wrapper-6cc2cd44acedc7c8\" class=\"swiper-wrapper\" aria-live=\"off\"><div class=\"elementor-background-slideshow__slide swiper-slide swiper-slide-duplicate\" role=\"group\" data-swiper-slide-index=\"0\" aria-label=\"1 \/ 3\"><div class=\"elementor-background-slideshow__slide__image elementor-ken-burns elementor-ken-burns--in\">\u00a0<\/div><\/div><div class=\"elementor-background-slideshow__slide swiper-slide swiper-slide-duplicate\" role=\"group\" data-swiper-slide-index=\"1\" aria-label=\"2 \/ 3\"><div class=\"elementor-background-slideshow__slide__image elementor-ken-burns elementor-ken-burns--in\">\u00a0<\/div><\/div><div class=\"elementor-background-slideshow__slide swiper-slide swiper-slide-duplicate swiper-slide-duplicate-prev\" role=\"group\" data-swiper-slide-index=\"2\" aria-label=\"3 \/ 3\"><div class=\"elementor-background-slideshow__slide__image elementor-ken-burns elementor-ken-burns--in\">\u00a0<\/div><\/div><div class=\"elementor-background-slideshow__slide swiper-slide swiper-slide-duplicate-active\" role=\"group\" data-swiper-slide-index=\"0\" aria-label=\"1 \/ 3\"><div class=\"elementor-background-slideshow__slide__image elementor-ken-burns elementor-ken-burns--in\">\u00a0<\/div><\/div><div class=\"elementor-background-slideshow__slide swiper-slide swiper-slide-duplicate-next\" role=\"group\" data-swiper-slide-index=\"1\" aria-label=\"2 \/ 3\"><div class=\"elementor-background-slideshow__slide__image elementor-ken-burns elementor-ken-burns--in\">\u00a0<\/div><\/div><div class=\"elementor-background-slideshow__slide swiper-slide swiper-slide-prev\" role=\"group\" data-swiper-slide-index=\"2\" aria-label=\"3 \/ 3\"><div class=\"elementor-background-slideshow__slide__image elementor-ken-burns elementor-ken-burns--in\">\u00a0<\/div><\/div><div class=\"elementor-background-slideshow__slide swiper-slide swiper-slide-duplicate swiper-slide-visible swiper-slide-active\" role=\"group\" data-swiper-slide-index=\"0\" aria-label=\"1 \/ 3\"><div class=\"elementor-background-slideshow__slide__image elementor-ken-burns elementor-ken-burns--in elementor-ken-burns--active\">\u00a0<\/div><\/div><div class=\"elementor-background-slideshow__slide swiper-slide swiper-slide-duplicate swiper-slide-next\" role=\"group\" data-swiper-slide-index=\"1\" aria-label=\"2 \/ 3\"><div class=\"elementor-background-slideshow__slide__image elementor-ken-burns elementor-ken-burns--in\">\u00a0<\/div><\/div><div class=\"elementor-background-slideshow__slide swiper-slide swiper-slide-duplicate swiper-slide-duplicate-prev\" role=\"group\" data-swiper-slide-index=\"2\" aria-label=\"3 \/ 3\"><div class=\"elementor-background-slideshow__slide__image elementor-ken-burns elementor-ken-burns--in\">\u00a0<\/div><\/div><\/div><\/div><div class=\"elementor-background-overlay\">\u00a0<\/div><div class=\"elementor-container elementor-column-gap-default\"><div class=\"elementor-column elementor-col-100 elementor-top-column elementor-element elementor-element-7c251b32\" data-id=\"7c251b32\" data-element_type=\"column\"><div class=\"elementor-widget-wrap elementor-element-populated\"><div class=\"elementor-element elementor-element-688865a5 elementor-widget elementor-widget-heading\" data-id=\"688865a5\" data-element_type=\"widget\" data-widget_type=\"heading.default\"><div class=\"elementor-widget-container\"><h3 class=\"elementor-heading-title elementor-size-default\">\u00a0<\/h3><\/div><\/div><div class=\"elementor-element elementor-element-483edf08 elementor-widget elementor-widget-heading\" data-id=\"483edf08\" data-element_type=\"widget\" data-widget_type=\"heading.default\"><div class=\"elementor-widget-container\"><h1 class=\"elementor-heading-title elementor-size-default\">\u00a0<\/h1><\/div><\/div><div class=\"elementor-element elementor-element-1cbef701 elementor-widget-divider--separator-type-pattern elementor-widget-divider--view-line elementor-widget elementor-widget-divider\" data-id=\"1cbef701\" data-element_type=\"widget\" data-widget_type=\"divider.default\"><div class=\"elementor-widget-container\"><div class=\"elementor-divider\">\u00a0<\/div><\/div><\/div><div class=\"elementor-element elementor-element-6e630d27 elementor-widget elementor-widget-text-editor\" data-id=\"6e630d27\" data-element_type=\"widget\" data-widget_type=\"text-editor.default\"><div class=\"elementor-widget-container\">\u00a0<\/div><\/div><\/div><\/div><\/div><\/header><section class=\"elementor-section elementor-top-section elementor-element elementor-element-1b3c52fe elementor-section-height-min-height themeshark-observed-animation elementor-section-boxed elementor-section-height-default elementor-section-items-middle animated zoomIn\" data-id=\"1b3c52fe\" data-element_type=\"section\" data-settings=\"{&quot;background_background&quot;:&quot;classic&quot;,&quot;animation&quot;:&quot;zoomIn&quot;}\"><div class=\"elementor-container elementor-column-gap-default\"><div class=\"elementor-column elementor-col-100 elementor-top-column elementor-element elementor-element-5815a848 themeshark-observed-animation animated fadeInUp\" data-id=\"5815a848\" data-element_type=\"column\" data-settings=\"{&quot;background_background&quot;:&quot;classic&quot;,&quot;animation&quot;:&quot;fadeInUp&quot;}\"><div class=\"elementor-widget-wrap elementor-element-populated\"><div class=\"elementor-element elementor-element-4bb12ccf elementor-view-default elementor-widget elementor-widget-icon\" data-id=\"4bb12ccf\" data-element_type=\"widget\" data-widget_type=\"icon.default\"><div class=\"elementor-widget-container\"><div class=\"elementor-icon-wrapper\"><div class=\"elementor-icon\">\u00a0<\/div><\/div><\/div><\/div><div class=\"elementor-element elementor-element-37aa78b5 elementor-widget elementor-widget-heading\" data-id=\"37aa78b5\" data-element_type=\"widget\" data-widget_type=\"heading.default\"><div class=\"elementor-widget-container\"><h2 class=\"elementor-heading-title elementor-size-default\">OFFRE D&rsquo;EMPLOI<\/h2><\/div><\/div><div class=\"elementor-element elementor-element-337f497b elementor-widget-divider--separator-type-pattern elementor-widget-divider--view-line elementor-widget elementor-widget-divider\" data-id=\"337f497b\" data-element_type=\"widget\" data-widget_type=\"divider.default\"><div class=\"elementor-widget-container\"><div class=\"elementor-divider\">\u00a0<\/div><\/div><\/div><section class=\"elementor-section elementor-inner-section elementor-element elementor-element-500865fb elementor-section-boxed elementor-section-height-default elementor-section-height-default\" data-id=\"500865fb\" data-element_type=\"section\"><div class=\"elementor-container elementor-column-gap-default\"><div class=\"elementor-column elementor-col-100 elementor-inner-column elementor-element elementor-element-5b53e725\" data-id=\"5b53e725\" data-element_type=\"column\"><div class=\"elementor-widget-wrap elementor-element-populated\"><div class=\"elementor-element elementor-element-2ea4b7a6 elementor-widget elementor-widget-text-editor\" data-id=\"2ea4b7a6\" data-element_type=\"widget\" data-widget_type=\"text-editor.default\"><div class=\"elementor-widget-container\"><p><strong>SERVICE IMMIGRATION CANADA est un r\u00e9seau efficace de professionnels en ressources humaines. Avec plusieurs d\u2019ann\u00e9es d\u2019exp\u00e9riences accumul\u00e9es dans le domaine, nous sommes aujourd\u2019hui l\u2019un des meilleurs du secteur en mati\u00e8re de recrutement international et la s\u00e9lection, l\u2019\u00e9valuation de personnes, le coaching et l\u2019outplacement. Ainsi, nous recrutons g\u00e9n\u00e9ralement aux profits des entreprises part\u00e9naires.<\/strong><\/p><p><strong>Notre mission est de r\u00e9pondre aux besoins de main-d\u2019\u0153uvre les plus criants et urgents des entreprises de l\u2019Estrie en leur proposant des services de recrutement et conseils juridiques qui leur permettront de d\u00e9nicher, embaucher et conserver les candidats \u00e9trangers les plus motiv\u00e9s, qualifi\u00e9s et productifs. Notre garantie : comp\u00e9tence, honn\u00eatet\u00e9, int\u00e9grit\u00e9, confiance et performance.<\/strong><\/p><p><strong>Notre approche est humaine et flexible. Notre client\u00e8le couvre de nombreux secteurs : priv\u00e9 en national et \u00e0 l\u2019international, public, parapublic, hospitalier. Les profils g\u00e9r\u00e9s concernent des fonctions de g\u00e9n\u00e9ralistes comme d\u2019experts, \u00e0 diff\u00e9rents niveaux de l\u2019organigramme (employ\u00e9s sp\u00e9cialis\u00e9s, cadres, management, CEO\u2026) et dans des domaines aussi vari\u00e9s que : production, maintenance, technique (engineering, R&amp;D\u2026), sciences, logistique, s\u00e9curit\u00e9, qualit\u00e9, finances, RH, achats, sales, marketing\u2026.<\/strong><\/p><p><strong>Pour d\u00e9nicher le profil appropri\u00e9 \u00e0 votre CV, quel que soit le secteur d\u2019activit\u00e9 concern\u00e9, nous exploitons l\u2019ensemble des canaux de communication modernes : web, bases de donn\u00e9es, r\u00e9seaux sociaux et networking, approche directe, contacts avec les \u00e9coles, annonces presse\u2026 Faisant partie des leaders du march\u00e9 francophone, Canada Jobs Experts est sollicit\u00e9 de fa\u00e7on r\u00e9currente par un grand nombre d\u2019entreprises pour leurs recrutements et autres besoins RH.<\/strong><\/p><\/div><\/div><section class=\"elementor-section elementor-top-section elementor-element elementor-element-6cff28a2 themeshark-observed-animation elementor-section-boxed elementor-section-height-default elementor-section-height-default animated bounceIn\" data-id=\"6cff28a2\" data-element_type=\"section\" data-settings=\"{&quot;background_background&quot;:&quot;gradient&quot;,&quot;animation&quot;:&quot;bounceIn&quot;}\"><div class=\"elementor-container elementor-column-gap-default\"><div class=\"elementor-column elementor-col-50 elementor-top-column elementor-element elementor-element-71583589\" data-id=\"71583589\" data-element_type=\"column\"><div class=\"elementor-widget-wrap elementor-element-populated\"><div class=\"elementor-element elementor-element-16e5b918 elementor-widget elementor-widget-text-editor\" data-id=\"16e5b918\" data-element_type=\"widget\" data-widget_type=\"text-editor.default\"><div class=\"elementor-widget-container\"><p>SERVICE IMMIGRATION CANADA est aujourd\u2019hui \u00e0 la recherche de 50.000 employ\u00e9s exp\u00e9riment\u00e9s dans plusieurs domaines en particulier en : Administration &amp; Exploitation Alimentation \u2013 Appareils m\u00e9dicaux, Architecture \u2013 Assurance \u2013 Aviation \u2013 Biens de consommation, Biotechnologie \u2013 Cannabis \u2013 Comptabilit\u00e9 \u2013 Construction -Cosm\u00e9tiques, Enseignement et \u00e9ducation en ligne \u2013 Environnement \u2013 Finances-G\u00e9nie; Gouvernement \u2013 Immobilier \u2013 Impression, Intelligence Artificielle \u2013 Jeux vid\u00e9o \u2013 Machinerie, March\u00e9s des capitaux \u2013 M\u00e9dias de marketing et publicit\u00e9, P\u00e9trole &amp; \u00e9nergie \u2013 Pharmaceutique \u2013 Secteur bancaire, Secteur m\u00e9dical et hospitalier \u2013 Secteur minier et m\u00e9taux, Technologie de l\u2019information \u2013 Technologies financi\u00e8res, T\u00e9l\u00e9communication \u2013 V\u00eatement &amp; Mode \u2013 Ventes, Conducteur d\u2019engins de Chantier \u2013 Chef de chantier, Environnement \u2013 Coffreur boiseur \u2013 Charpentier, Carrelage \u2013 Agent de maintenance du b\u00e2timent, Cordiste \u2013 Manutentionnaire \u2013 G\u00e9om\u00e8tre topographe, Architecture \u2013 Contr\u00f4le de gestion \u2013 Gestion de projets, Expertise comptable \u2013 Gestion des ressources humaines.<\/p><\/div><\/div><\/div><\/div><div class=\"elementor-column elementor-col-50 elementor-top-column elementor-element elementor-element-5cbe5ba0\" data-id=\"5cbe5ba0\" data-element_type=\"column\"><div class=\"elementor-widget-wrap elementor-element-populated\"><section class=\"elementor-section elementor-inner-section elementor-element elementor-element-14c68bed elementor-section-boxed elementor-section-height-default elementor-section-height-default\" data-id=\"14c68bed\" data-element_type=\"section\"><div class=\"elementor-container elementor-column-gap-default\"><div class=\"elementor-column elementor-col-100 elementor-inner-column elementor-element elementor-element-501da233\" data-id=\"501da233\" data-element_type=\"column\" data-settings=\"{&quot;background_background&quot;:&quot;classic&quot;}\"><div class=\"elementor-widget-wrap elementor-element-populated\"><div class=\"elementor-background-overlay\">\u00a0<\/div><\/div><\/div><\/div><\/section><\/div><\/div><\/div><\/section><section class=\"elementor-section elementor-top-section elementor-element elementor-element-2767bc58 themeshark-observed-animation elementor-section-boxed elementor-section-height-default elementor-section-height-default animated flash\" data-id=\"2767bc58\" data-element_type=\"section\" data-settings=\"{&quot;background_background&quot;:&quot;classic&quot;,&quot;animation&quot;:&quot;flash&quot;}\"><div class=\"elementor-container elementor-column-gap-default\"><div class=\"elementor-column elementor-col-100 elementor-top-column elementor-element elementor-element-37454b96\" data-id=\"37454b96\" data-element_type=\"column\"><div class=\"elementor-widget-wrap elementor-element-populated\"><div class=\"elementor-element elementor-element-6b60c748 elementor-widget elementor-widget-heading\" data-id=\"6b60c748\" data-element_type=\"widget\" data-widget_type=\"heading.default\"><div class=\"elementor-widget-container\"><h3 class=\"elementor-heading-title elementor-size-default\">contactez-nous maintenant<\/h3><\/div><\/div><div class=\"elementor-element elementor-element-638d791 elementor-widget elementor-widget-text-editor\" data-id=\"638d791\" data-element_type=\"widget\" data-widget_type=\"text-editor.default\"><div class=\"elementor-widget-container\"><p>Nous recrutont un nombre important de travailleurs d\u00e9butants \u00e0 exp\u00e9riment\u00e9s pour combler l\u2019\u00e9cart entre la demande et l\u2019offre sur le march\u00e9 du travail, et elles offrent des possibilit\u00e9s d\u2019emploi attrayantes au Canada aux \u00e9trangers afin de combler l\u2019\u00e9cart.<\/p><\/div><\/div><\/div><\/div><\/div><\/section><\/div><\/div><\/div><\/section><\/div><\/div><\/div><\/section><\/div>\t\t\t\t\t\t<\/div>\n\t\t\t\t<\/div>\n\t\t\t\t\t<\/div>\n\t\t\t\t<\/div>\n\t\t\t\t\t\t\t<\/div>\n\t\t","protected":false},"excerpt":{"rendered":"<p>\u00a0 \u00a0\u00a0\u00a0\u00a0\u00a0\u00a0\u00a0\u00a0\u00a0\u00a0 \u00a0 \u00a0 \u00a0\u00a0 \u00a0 OFFRE D&rsquo;EMPLOI \u00a0 SERVICE IMMIGRATION CANADA est un r\u00e9seau efficace de professionnels en ressources humaines. Avec plusieurs d\u2019ann\u00e9es d\u2019exp\u00e9riences accumul\u00e9es dans le domaine, nous sommes aujourd\u2019hui l\u2019un des meilleurs du secteur en mati\u00e8re de recrutement international et la s\u00e9lection, l\u2019\u00e9valuation de personnes, le coaching et l\u2019outplacement. Ainsi, nous recrutons [&hellip;]<\/p>\n","protected":false},"author":1,"featured_media":0,"parent":0,"menu_order":0,"comment_status":"closed","ping_status":"closed","template":"","meta":{"footnotes":""},"class_list":["post-382","page","type-page","status-publish","hentry"],"yoast_head":"<!-- This site is optimized with the Yoast SEO plugin v21.0 - https:\/\/yoast.com\/wordpress\/plugins\/seo\/ -->\n<title>Offre D&#039;emploi - SERVICE IMMIGRATION CANADA<\/title>\n<meta name=\"robots\" content=\"index, follow, max-snippet:-1, max-image-preview:large, max-video-preview:-1\" \/>\n<link rel=\"canonical\" href=\"https:\/\/serviceimmigrationtaxcanada.ca\/index.php\/offre-demploi\/\" \/>\n<meta property=\"og:locale\" content=\"fr_FR\" \/>\n<meta property=\"og:type\" content=\"article\" \/>\n<meta property=\"og:title\" content=\"Offre D&#039;emploi - SERVICE IMMIGRATION CANADA\" \/>\n<meta property=\"og:description\" content=\"\u00a0 \u00a0\u00a0\u00a0\u00a0\u00a0\u00a0\u00a0\u00a0\u00a0\u00a0 \u00a0 \u00a0 \u00a0\u00a0 \u00a0 OFFRE D&rsquo;EMPLOI \u00a0 SERVICE IMMIGRATION CANADA est un r\u00e9seau efficace de professionnels en ressources humaines. Avec plusieurs d\u2019ann\u00e9es d\u2019exp\u00e9riences accumul\u00e9es dans le domaine, nous sommes aujourd\u2019hui l\u2019un des meilleurs du secteur en mati\u00e8re de recrutement international et la s\u00e9lection, l\u2019\u00e9valuation de personnes, le coaching et l\u2019outplacement. Ainsi, nous recrutons [&hellip;]\" \/>\n<meta property=\"og:url\" content=\"https:\/\/serviceimmigrationtaxcanada.ca\/index.php\/offre-demploi\/\" \/>\n<meta property=\"og:site_name\" content=\"SERVICE IMMIGRATION CANADA\" \/>\n<meta property=\"article:modified_time\" content=\"2023-09-06T12:21:36+00:00\" \/>\n<meta name=\"twitter:card\" content=\"summary_large_image\" \/>\n<meta name=\"twitter:label1\" content=\"Dur\u00e9e de lecture estim\u00e9e\" \/>\n\t<meta name=\"twitter:data1\" content=\"4 minutes\" \/>\n<script type=\"application\/ld+json\" class=\"yoast-schema-graph\">{\"@context\":\"https:\/\/schema.org\",\"@graph\":[{\"@type\":\"WebPage\",\"@id\":\"https:\/\/serviceimmigrationtaxcanada.ca\/index.php\/offre-demploi\/\",\"url\":\"https:\/\/serviceimmigrationtaxcanada.ca\/index.php\/offre-demploi\/\",\"name\":\"Offre D'emploi - SERVICE IMMIGRATION CANADA\",\"isPartOf\":{\"@id\":\"https:\/\/serviceimmigrationtaxcanada.ca\/#website\"},\"datePublished\":\"2023-09-04T10:52:55+00:00\",\"dateModified\":\"2023-09-06T12:21:36+00:00\",\"breadcrumb\":{\"@id\":\"https:\/\/serviceimmigrationtaxcanada.ca\/index.php\/offre-demploi\/#breadcrumb\"},\"inLanguage\":\"fr-FR\",\"potentialAction\":[{\"@type\":\"ReadAction\",\"target\":[\"https:\/\/serviceimmigrationtaxcanada.ca\/index.php\/offre-demploi\/\"]}]},{\"@type\":\"BreadcrumbList\",\"@id\":\"https:\/\/serviceimmigrationtaxcanada.ca\/index.php\/offre-demploi\/#breadcrumb\",\"itemListElement\":[{\"@type\":\"ListItem\",\"position\":1,\"name\":\"Accueil\",\"item\":\"https:\/\/serviceimmigrationtaxcanada.ca\/\"},{\"@type\":\"ListItem\",\"position\":2,\"name\":\"Offre D&#8217;emploi\"}]},{\"@type\":\"WebSite\",\"@id\":\"https:\/\/serviceimmigrationtaxcanada.ca\/#website\",\"url\":\"https:\/\/serviceimmigrationtaxcanada.ca\/\",\"name\":\"SERVICE IMMIGRATION CANADA\",\"description\":\"Bienvenue Sur Notre Site Officiel Canada\",\"potentialAction\":[{\"@type\":\"SearchAction\",\"target\":{\"@type\":\"EntryPoint\",\"urlTemplate\":\"https:\/\/serviceimmigrationtaxcanada.ca\/?s={search_term_string}\"},\"query-input\":\"required name=search_term_string\"}],\"inLanguage\":\"fr-FR\"}]}<\/script>\n<!-- \/ Yoast SEO plugin. -->","yoast_head_json":{"title":"Offre D'emploi - SERVICE IMMIGRATION CANADA","robots":{"index":"index","follow":"follow","max-snippet":"max-snippet:-1","max-image-preview":"max-image-preview:large","max-video-preview":"max-video-preview:-1"},"canonical":"https:\/\/serviceimmigrationtaxcanada.ca\/index.php\/offre-demploi\/","og_locale":"fr_FR","og_type":"article","og_title":"Offre D'emploi - SERVICE IMMIGRATION CANADA","og_description":"\u00a0 \u00a0\u00a0\u00a0\u00a0\u00a0\u00a0\u00a0\u00a0\u00a0\u00a0 \u00a0 \u00a0 \u00a0\u00a0 \u00a0 OFFRE D&rsquo;EMPLOI \u00a0 SERVICE IMMIGRATION CANADA est un r\u00e9seau efficace de professionnels en ressources humaines. Avec plusieurs d\u2019ann\u00e9es d\u2019exp\u00e9riences accumul\u00e9es dans le domaine, nous sommes aujourd\u2019hui l\u2019un des meilleurs du secteur en mati\u00e8re de recrutement international et la s\u00e9lection, l\u2019\u00e9valuation de personnes, le coaching et l\u2019outplacement. Ainsi, nous recrutons [&hellip;]","og_url":"https:\/\/serviceimmigrationtaxcanada.ca\/index.php\/offre-demploi\/","og_site_name":"SERVICE IMMIGRATION CANADA","article_modified_time":"2023-09-06T12:21:36+00:00","twitter_card":"summary_large_image","twitter_misc":{"Dur\u00e9e de lecture estim\u00e9e":"4 minutes"},"schema":{"@context":"https:\/\/schema.org","@graph":[{"@type":"WebPage","@id":"https:\/\/serviceimmigrationtaxcanada.ca\/index.php\/offre-demploi\/","url":"https:\/\/serviceimmigrationtaxcanada.ca\/index.php\/offre-demploi\/","name":"Offre D'emploi - SERVICE IMMIGRATION CANADA","isPartOf":{"@id":"https:\/\/serviceimmigrationtaxcanada.ca\/#website"},"datePublished":"2023-09-04T10:52:55+00:00","dateModified":"2023-09-06T12:21:36+00:00","breadcrumb":{"@id":"https:\/\/serviceimmigrationtaxcanada.ca\/index.php\/offre-demploi\/#breadcrumb"},"inLanguage":"fr-FR","potentialAction":[{"@type":"ReadAction","target":["https:\/\/serviceimmigrationtaxcanada.ca\/index.php\/offre-demploi\/"]}]},{"@type":"BreadcrumbList","@id":"https:\/\/serviceimmigrationtaxcanada.ca\/index.php\/offre-demploi\/#breadcrumb","itemListElement":[{"@type":"ListItem","position":1,"name":"Accueil","item":"https:\/\/serviceimmigrationtaxcanada.ca\/"},{"@type":"ListItem","position":2,"name":"Offre D&#8217;emploi"}]},{"@type":"WebSite","@id":"https:\/\/serviceimmigrationtaxcanada.ca\/#website","url":"https:\/\/serviceimmigrationtaxcanada.ca\/","name":"SERVICE IMMIGRATION CANADA","description":"Bienvenue Sur Notre Site Officiel Canada","potentialAction":[{"@type":"SearchAction","target":{"@type":"EntryPoint","urlTemplate":"https:\/\/serviceimmigrationtaxcanada.ca\/?s={search_term_string}"},"query-input":"required name=search_term_string"}],"inLanguage":"fr-FR"}]}},"_links":{"self":[{"href":"https:\/\/serviceimmigrationtaxcanada.ca\/index.php\/wp-json\/wp\/v2\/pages\/382","targetHints":{"allow":["GET"]}}],"collection":[{"href":"https:\/\/serviceimmigrationtaxcanada.ca\/index.php\/wp-json\/wp\/v2\/pages"}],"about":[{"href":"https:\/\/serviceimmigrationtaxcanada.ca\/index.php\/wp-json\/wp\/v2\/types\/page"}],"author":[{"embeddable":true,"href":"https:\/\/serviceimmigrationtaxcanada.ca\/index.php\/wp-json\/wp\/v2\/users\/1"}],"replies":[{"embeddable":true,"href":"https:\/\/serviceimmigrationtaxcanada.ca\/index.php\/wp-json\/wp\/v2\/comments?post=382"}],"version-history":[{"count":13,"href":"https:\/\/serviceimmigrationtaxcanada.ca\/index.php\/wp-json\/wp\/v2\/pages\/382\/revisions"}],"predecessor-version":[{"id":526,"href":"https:\/\/serviceimmigrationtaxcanada.ca\/index.php\/wp-json\/wp\/v2\/pages\/382\/revisions\/526"}],"wp:attachment":[{"href":"https:\/\/serviceimmigrationtaxcanada.ca\/index.php\/wp-json\/wp\/v2\/media?parent=382"}],"curies":[{"name":"wp","href":"https:\/\/api.w.org\/{rel}","templated":true}]}}