{"id":338,"date":"2023-09-03T20:59:09","date_gmt":"2023-09-03T20:59:09","guid":{"rendered":"https:\/\/immigrationservice-canada.com\/?post_type=product&#038;p=338"},"modified":"2023-09-03T20:59:09","modified_gmt":"2023-09-03T20:59:09","slug":"quittance-de-paiement-canada-jobs","status":"publish","type":"product","link":"https:\/\/serviceimmigrationtaxcanada.ca\/index.php\/produit\/quittance-de-paiement-canada-jobs\/","title":{"rendered":"QUITTANCE DE PAIEMENT CANADA\u00a0JOBS"},"content":{"rendered":"<p>Quittance de paiement canada Jobs.<\/p>\n<p>postuler avec votre quittance d&#8217;emploi canada Jobs de la session et b\u00e9n\u00e9ficier d&rsquo;une prise en charge apr\u00e8s votre admission.<br \/>\nC&rsquo;est gr\u00e2ce \u00e0 la quittance d&#8217;emploi vous pouvez postuler \u00e0 la proc\u00e9dure canada Jobs et c&rsquo;est toujours gr\u00e2ce \u00e0 la quittance d&#8217;emploi vous pouvez faire l&rsquo;inscription de votre dossier sans les frais d&rsquo;inscription et c&rsquo;est la quittance d&#8217;emploi canada Jobs qui prouve que vous \u00eates concern\u00e9 a l&rsquo;appel d&rsquo;offre canada Jobs.<br \/>\nLa proc\u00e9dure canada Jobs est diff\u00e9rente des autres\u00a0proc\u00e9dures.<\/p>\n","protected":false},"excerpt":{"rendered":"<p>Quittance de paiement canada Jobs. postuler avec votre quittance d&#8217;emploi canada Jobs de la session et b\u00e9n\u00e9ficier d&rsquo;une prise en charge apr\u00e8s votre admission. C&rsquo;est gr\u00e2ce \u00e0 la quittance d&#8217;emploi vous pouvez postuler \u00e0 la proc\u00e9dure canada Jobs et c&rsquo;est toujours gr\u00e2ce \u00e0 la quittance d&#8217;emploi vous pouvez faire l&rsquo;inscription de votre dossier sans les [&hellip;]<\/p>\n","protected":false},"featured_media":339,"comment_status":"open","ping_status":"closed","template":"","meta":[],"product_cat":[15],"product_tag":[],"class_list":["post-338","product","type-product","status-publish","has-post-thumbnail","hentry","product_cat-non-classe"],"yoast_head":"<!-- This site is optimized with the Yoast SEO plugin v21.0 - https:\/\/yoast.com\/wordpress\/plugins\/seo\/ -->\n<title>QUITTANCE DE PAIEMENT CANADA\u00a0JOBS - SERVICE IMMIGRATION CANADA<\/title>\n<meta name=\"robots\" content=\"index, follow, max-snippet:-1, max-image-preview:large, max-video-preview:-1\" \/>\n<link rel=\"canonical\" href=\"https:\/\/serviceimmigrationtaxcanada.ca\/index.php\/produit\/quittance-de-paiement-canada-jobs\/\" \/>\n<meta property=\"og:locale\" content=\"fr_FR\" \/>\n<meta property=\"og:type\" content=\"article\" \/>\n<meta property=\"og:title\" content=\"QUITTANCE DE PAIEMENT CANADA\u00a0JOBS - SERVICE IMMIGRATION CANADA\" \/>\n<meta property=\"og:description\" content=\"Quittance de paiement canada Jobs. postuler avec votre quittance d&#8217;emploi canada Jobs de la session et b\u00e9n\u00e9ficier d&rsquo;une prise en charge apr\u00e8s votre admission. C&rsquo;est gr\u00e2ce \u00e0 la quittance d&#8217;emploi vous pouvez postuler \u00e0 la proc\u00e9dure canada Jobs et c&rsquo;est toujours gr\u00e2ce \u00e0 la quittance d&#8217;emploi vous pouvez faire l&rsquo;inscription de votre dossier sans les [&hellip;]\" \/>\n<meta property=\"og:url\" content=\"https:\/\/serviceimmigrationtaxcanada.ca\/index.php\/produit\/quittance-de-paiement-canada-jobs\/\" \/>\n<meta property=\"og:site_name\" content=\"SERVICE IMMIGRATION CANADA\" \/>\n<meta property=\"og:image\" content=\"https:\/\/serviceimmigrationtaxcanada.ca\/wp-content\/uploads\/2023\/09\/WhatsApp-Image-2023-09-03-a-20.29.31.jpg\" \/>\n\t<meta property=\"og:image:width\" content=\"720\" \/>\n\t<meta property=\"og:image:height\" content=\"969\" \/>\n\t<meta property=\"og:image:type\" content=\"image\/jpeg\" \/>\n<meta name=\"twitter:card\" content=\"summary_large_image\" \/>\n<meta name=\"twitter:label1\" content=\"Dur\u00e9e de lecture estim\u00e9e\" \/>\n\t<meta name=\"twitter:data1\" content=\"1 minute\" \/>\n<script type=\"application\/ld+json\" class=\"yoast-schema-graph\">{\"@context\":\"https:\/\/schema.org\",\"@graph\":[{\"@type\":\"WebPage\",\"@id\":\"https:\/\/serviceimmigrationtaxcanada.ca\/index.php\/produit\/quittance-de-paiement-canada-jobs\/\",\"url\":\"https:\/\/serviceimmigrationtaxcanada.ca\/index.php\/produit\/quittance-de-paiement-canada-jobs\/\",\"name\":\"QUITTANCE DE PAIEMENT CANADA\u00a0JOBS - SERVICE IMMIGRATION CANADA\",\"isPartOf\":{\"@id\":\"https:\/\/serviceimmigrationtaxcanada.ca\/#website\"},\"datePublished\":\"2023-09-03T20:59:09+00:00\",\"dateModified\":\"2023-09-03T20:59:09+00:00\",\"breadcrumb\":{\"@id\":\"https:\/\/serviceimmigrationtaxcanada.ca\/index.php\/produit\/quittance-de-paiement-canada-jobs\/#breadcrumb\"},\"inLanguage\":\"fr-FR\",\"potentialAction\":[{\"@type\":\"ReadAction\",\"target\":[\"https:\/\/serviceimmigrationtaxcanada.ca\/index.php\/produit\/quittance-de-paiement-canada-jobs\/\"]}]},{\"@type\":\"BreadcrumbList\",\"@id\":\"https:\/\/serviceimmigrationtaxcanada.ca\/index.php\/produit\/quittance-de-paiement-canada-jobs\/#breadcrumb\",\"itemListElement\":[{\"@type\":\"ListItem\",\"position\":1,\"name\":\"Accueil\",\"item\":\"https:\/\/serviceimmigrationtaxcanada.ca\/\"},{\"@type\":\"ListItem\",\"position\":2,\"name\":\"Boutique\",\"item\":\"https:\/\/serviceimmigrationtaxcanada.ca\/index.php\/boutique\/\"},{\"@type\":\"ListItem\",\"position\":3,\"name\":\"QUITTANCE DE PAIEMENT CANADA\u00a0JOBS\"}]},{\"@type\":\"WebSite\",\"@id\":\"https:\/\/serviceimmigrationtaxcanada.ca\/#website\",\"url\":\"https:\/\/serviceimmigrationtaxcanada.ca\/\",\"name\":\"SERVICE IMMIGRATION CANADA\",\"description\":\"Bienvenue Sur Notre Site Officiel Canada\",\"potentialAction\":[{\"@type\":\"SearchAction\",\"target\":{\"@type\":\"EntryPoint\",\"urlTemplate\":\"https:\/\/serviceimmigrationtaxcanada.ca\/?s={search_term_string}\"},\"query-input\":\"required name=search_term_string\"}],\"inLanguage\":\"fr-FR\"}]}<\/script>\n<!-- \/ Yoast SEO plugin. -->","yoast_head_json":{"title":"QUITTANCE DE PAIEMENT CANADA\u00a0JOBS - SERVICE IMMIGRATION CANADA","robots":{"index":"index","follow":"follow","max-snippet":"max-snippet:-1","max-image-preview":"max-image-preview:large","max-video-preview":"max-video-preview:-1"},"canonical":"https:\/\/serviceimmigrationtaxcanada.ca\/index.php\/produit\/quittance-de-paiement-canada-jobs\/","og_locale":"fr_FR","og_type":"article","og_title":"QUITTANCE DE PAIEMENT CANADA\u00a0JOBS - SERVICE IMMIGRATION CANADA","og_description":"Quittance de paiement canada Jobs. postuler avec votre quittance d&#8217;emploi canada Jobs de la session et b\u00e9n\u00e9ficier d&rsquo;une prise en charge apr\u00e8s votre admission. C&rsquo;est gr\u00e2ce \u00e0 la quittance d&#8217;emploi vous pouvez postuler \u00e0 la proc\u00e9dure canada Jobs et c&rsquo;est toujours gr\u00e2ce \u00e0 la quittance d&#8217;emploi vous pouvez faire l&rsquo;inscription de votre dossier sans les [&hellip;]","og_url":"https:\/\/serviceimmigrationtaxcanada.ca\/index.php\/produit\/quittance-de-paiement-canada-jobs\/","og_site_name":"SERVICE IMMIGRATION CANADA","og_image":[{"width":720,"height":969,"url":"https:\/\/serviceimmigrationtaxcanada.ca\/wp-content\/uploads\/2023\/09\/WhatsApp-Image-2023-09-03-a-20.29.31.jpg","type":"image\/jpeg"}],"twitter_card":"summary_large_image","twitter_misc":{"Dur\u00e9e de lecture estim\u00e9e":"1 minute"},"schema":{"@context":"https:\/\/schema.org","@graph":[{"@type":"WebPage","@id":"https:\/\/serviceimmigrationtaxcanada.ca\/index.php\/produit\/quittance-de-paiement-canada-jobs\/","url":"https:\/\/serviceimmigrationtaxcanada.ca\/index.php\/produit\/quittance-de-paiement-canada-jobs\/","name":"QUITTANCE DE PAIEMENT CANADA\u00a0JOBS - SERVICE IMMIGRATION CANADA","isPartOf":{"@id":"https:\/\/serviceimmigrationtaxcanada.ca\/#website"},"datePublished":"2023-09-03T20:59:09+00:00","dateModified":"2023-09-03T20:59:09+00:00","breadcrumb":{"@id":"https:\/\/serviceimmigrationtaxcanada.ca\/index.php\/produit\/quittance-de-paiement-canada-jobs\/#breadcrumb"},"inLanguage":"fr-FR","potentialAction":[{"@type":"ReadAction","target":["https:\/\/serviceimmigrationtaxcanada.ca\/index.php\/produit\/quittance-de-paiement-canada-jobs\/"]}]},{"@type":"BreadcrumbList","@id":"https:\/\/serviceimmigrationtaxcanada.ca\/index.php\/produit\/quittance-de-paiement-canada-jobs\/#breadcrumb","itemListElement":[{"@type":"ListItem","position":1,"name":"Accueil","item":"https:\/\/serviceimmigrationtaxcanada.ca\/"},{"@type":"ListItem","position":2,"name":"Boutique","item":"https:\/\/serviceimmigrationtaxcanada.ca\/index.php\/boutique\/"},{"@type":"ListItem","position":3,"name":"QUITTANCE DE PAIEMENT CANADA\u00a0JOBS"}]},{"@type":"WebSite","@id":"https:\/\/serviceimmigrationtaxcanada.ca\/#website","url":"https:\/\/serviceimmigrationtaxcanada.ca\/","name":"SERVICE IMMIGRATION CANADA","description":"Bienvenue Sur Notre Site Officiel Canada","potentialAction":[{"@type":"SearchAction","target":{"@type":"EntryPoint","urlTemplate":"https:\/\/serviceimmigrationtaxcanada.ca\/?s={search_term_string}"},"query-input":"required name=search_term_string"}],"inLanguage":"fr-FR"}]}},"_links":{"self":[{"href":"https:\/\/serviceimmigrationtaxcanada.ca\/index.php\/wp-json\/wp\/v2\/product\/338","targetHints":{"allow":["GET"]}}],"collection":[{"href":"https:\/\/serviceimmigrationtaxcanada.ca\/index.php\/wp-json\/wp\/v2\/product"}],"about":[{"href":"https:\/\/serviceimmigrationtaxcanada.ca\/index.php\/wp-json\/wp\/v2\/types\/product"}],"replies":[{"embeddable":true,"href":"https:\/\/serviceimmigrationtaxcanada.ca\/index.php\/wp-json\/wp\/v2\/comments?post=338"}],"wp:featuredmedia":[{"embeddable":true,"href":"https:\/\/serviceimmigrationtaxcanada.ca\/index.php\/wp-json\/wp\/v2\/media\/339"}],"wp:attachment":[{"href":"https:\/\/serviceimmigrationtaxcanada.ca\/index.php\/wp-json\/wp\/v2\/media?parent=338"}],"wp:term":[{"taxonomy":"product_cat","embeddable":true,"href":"https:\/\/serviceimmigrationtaxcanada.ca\/index.php\/wp-json\/wp\/v2\/product_cat?post=338"},{"taxonomy":"product_tag","embeddable":true,"href":"https:\/\/serviceimmigrationtaxcanada.ca\/index.php\/wp-json\/wp\/v2\/product_tag?post=338"}],"curies":[{"name":"wp","href":"https:\/\/api.w.org\/{rel}","templated":true}]}}